{"id":106,"date":"2016-06-14T10:21:11","date_gmt":"2016-06-14T10:21:11","guid":{"rendered":"http:\/\/solsticio.es\/?page_id=106"},"modified":"2016-12-28T16:04:57","modified_gmt":"2016-12-28T16:04:57","slug":"eficiencia-energetica","status":"publish","type":"page","link":"http:\/\/solsticio.es\/index.php\/eficiencia-energetica\/","title":{"rendered":"Eficiencia energ\u00e9tica"},"content":{"rendered":"<p style=\"text-align: justify;\">La eficiencia energetica es una practica que tiene como objetivo reducir el consumo de energ\u00eda. Dicho de otro modo, la eficiencia energ\u00e9tica es el uso eficiente de la energ\u00eda con el fin de optimizar los procesos de producci\u00f3n, o simplemente, reducir la factura de la luz.<\/p>\n<p style=\"text-align: justify;\">En Solsticio mejoramos la calificaci\u00f3n energ\u00e9tica de su vivienda o industria. No solo notar\u00e1 un ahorro mensual en el recibo de la luz al contar con menos consumos, sino que adem\u00e1s, revalorizar\u00e1 economicamente su inmueble o nave industrial ante cualquier posible venta.<\/p>\n<p style=\"text-align: justify;\">Contamos con un grupo de ingenieros expertos en la eficiencia energ\u00e9tica a todos los niveles. Analizaremos su instalaci\u00f3n a pie de planta y le ofreceremos propue<img loading=\"lazy\" decoding=\"async\" class=\"size-full wp-image-527 alignright\" src=\"http:\/\/solsticio.es\/wp-content\/uploads\/2016\/06\/Fondo-Nacional-de-Eficiencia-Energ\u00e9tica.jpg\" alt=\"Fondo-Nacional-de-Eficiencia-Energ\u00e9tica\" width=\"400\" height=\"259\" srcset=\"http:\/\/solsticio.es\/wp-content\/uploads\/2016\/06\/Fondo-Nacional-de-Eficiencia-Energ\u00e9tica.jpg 400w, http:\/\/solsticio.es\/wp-content\/uploads\/2016\/06\/Fondo-Nacional-de-Eficiencia-Energ\u00e9tica-300x194.jpg 300w\" sizes=\"(max-width: 400px) 100vw, 400px\" \/>stas de mejora para la eficiencia energ\u00e9tica, as\u00ed como le informaremos de todo tipo de subvenciones y ayudas ofrecidas por el gobierno o por la UE. No tendr\u00e1 que preocuparse por ning\u00fan tipo de tr\u00e1mite. Nosotros nos encargamos de todo.<\/p>\n<p style=\"text-align: justify;\">Todas estas propuestas, se llevar\u00e1n a cabo cumpliendo o gui\u00e1ndonos siempre con lo indicado en la siguiente legislaci\u00f3n o documentaci\u00f3n:<\/p>\n<ul style=\"text-align: justify;\">\n<li>Normas B\u00e1sica de la Edificaci\u00f3n (NBE), es el precendete sobre eficiencia energ\u00e9tica en Espa\u00f1a. Estuvo vigente durante los 80 y los 90 y establecio alguna de las bases en este campo.<\/li>\n<li>Reglamento de Instalaciones T\u00e9rmicas en Edificios (RITE).<\/li>\n<\/ul>\n<p style=\"text-align: justify;\"><strong>P\u00eddanos presupuesto sin ning\u00fan tipo de compromiso.<\/strong><\/p>","protected":false},"excerpt":{"rendered":"<p>La eficiencia energetica es una practica que tiene como objetivo reducir el consumo de energ\u00eda. Dicho de otro modo, la eficiencia energ\u00e9tica es el uso eficiente de la energ\u00eda con el fin de optimizar los procesos de producci\u00f3n, o simplemente, reducir la factura de la luz. En Solsticio mejoramos la calificaci\u00f3n energ\u00e9tica de su vivienda&hellip;<\/p>\n<p class=\"more-link\"><a href=\"http:\/\/solsticio.es\/index.php\/eficiencia-energetica\/\" class=\"themebutton\">Read More<\/a><\/p>\n","protected":false},"author":1,"featured_media":0,"parent":0,"menu_order":0,"comment_status":"closed","ping_status":"closed","template":"","meta":{"footnotes":""},"yoast_head":"<!-- This site is optimized with the Yoast SEO plugin v23.5 - https:\/\/yoast.com\/wordpress\/plugins\/seo\/ -->\n<title>Eficiencia energ\u00e9tica - Solsticio Energ&iacute;as Renovables<\/title>\n<meta name=\"robots\" content=\"index, follow, max-snippet:-1, max-image-preview:large, max-video-preview:-1\" \/>\n<link rel=\"canonical\" href=\"http:\/\/solsticio.es\/index.php\/eficiencia-energetica\/\" \/>\n<meta property=\"og:locale\" content=\"es_ES\" \/>\n<meta property=\"og:type\" content=\"article\" \/>\n<meta property=\"og:title\" content=\"Eficiencia energ\u00e9tica - Solsticio Energ&iacute;as Renovables\" \/>\n<meta property=\"og:description\" content=\"La eficiencia energetica es una practica que tiene como objetivo reducir el consumo de energ\u00eda. Dicho de otro modo, la eficiencia energ\u00e9tica es el uso eficiente de la energ\u00eda con el fin de optimizar los procesos de producci\u00f3n, o simplemente, reducir la factura de la luz. En Solsticio mejoramos la calificaci\u00f3n energ\u00e9tica de su vivienda&hellip;Read More\" \/>\n<meta property=\"og:url\" content=\"http:\/\/solsticio.es\/index.php\/eficiencia-energetica\/\" \/>\n<meta property=\"og:site_name\" content=\"Solsticio Energ&iacute;as Renovables\" \/>\n<meta property=\"article:modified_time\" content=\"2016-12-28T16:04:57+00:00\" \/>\n<meta name=\"twitter:card\" content=\"summary_large_image\" \/>\n<meta name=\"twitter:label1\" content=\"Tiempo de lectura\" \/>\n\t<meta name=\"twitter:data1\" content=\"2 minutos\" \/>\n<script type=\"application\/ld+json\" class=\"yoast-schema-graph\">{\"@context\":\"https:\/\/schema.org\",\"@graph\":[{\"@type\":\"WebPage\",\"@id\":\"http:\/\/solsticio.es\/index.php\/eficiencia-energetica\/\",\"url\":\"http:\/\/solsticio.es\/index.php\/eficiencia-energetica\/\",\"name\":\"Eficiencia energ\u00e9tica - Solsticio Energ&iacute;as Renovables\",\"isPartOf\":{\"@id\":\"http:\/\/solsticio.es\/#website\"},\"datePublished\":\"2016-06-14T10:21:11+00:00\",\"dateModified\":\"2016-12-28T16:04:57+00:00\",\"breadcrumb\":{\"@id\":\"http:\/\/solsticio.es\/index.php\/eficiencia-energetica\/#breadcrumb\"},\"inLanguage\":\"es\",\"potentialAction\":[{\"@type\":\"ReadAction\",\"target\":[\"http:\/\/solsticio.es\/index.php\/eficiencia-energetica\/\"]}]},{\"@type\":\"BreadcrumbList\",\"@id\":\"http:\/\/solsticio.es\/index.php\/eficiencia-energetica\/#breadcrumb\",\"itemListElement\":[{\"@type\":\"ListItem\",\"position\":1,\"name\":\"Portada\",\"item\":\"http:\/\/solsticio.es\/\"},{\"@type\":\"ListItem\",\"position\":2,\"name\":\"Eficiencia energ\u00e9tica\"}]},{\"@type\":\"WebSite\",\"@id\":\"http:\/\/solsticio.es\/#website\",\"url\":\"http:\/\/solsticio.es\/\",\"name\":\"Solsticio Energ&iacute;as Renovables\",\"description\":\"\",\"publisher\":{\"@id\":\"http:\/\/solsticio.es\/#organization\"},\"potentialAction\":[{\"@type\":\"SearchAction\",\"target\":{\"@type\":\"EntryPoint\",\"urlTemplate\":\"http:\/\/solsticio.es\/?s={search_term_string}\"},\"query-input\":{\"@type\":\"PropertyValueSpecification\",\"valueRequired\":true,\"valueName\":\"search_term_string\"}}],\"inLanguage\":\"es\"},{\"@type\":\"Organization\",\"@id\":\"http:\/\/solsticio.es\/#organization\",\"name\":\"Solsticio Energ\u00edas Renovables\",\"url\":\"http:\/\/solsticio.es\/\",\"logo\":{\"@type\":\"ImageObject\",\"inLanguage\":\"es\",\"@id\":\"http:\/\/solsticio.es\/#\/schema\/logo\/image\/\",\"url\":\"http:\/\/solsticio.es\/wp-content\/uploads\/2016\/12\/cropped-LOGO-SOLSTICIO.png\",\"contentUrl\":\"http:\/\/solsticio.es\/wp-content\/uploads\/2016\/12\/cropped-LOGO-SOLSTICIO.png\",\"width\":160,\"height\":45,\"caption\":\"Solsticio Energ\u00edas Renovables\"},\"image\":{\"@id\":\"http:\/\/solsticio.es\/#\/schema\/logo\/image\/\"}}]}<\/script>\n<!-- \/ Yoast SEO plugin. -->","yoast_head_json":{"title":"Eficiencia energ\u00e9tica - Solsticio Energ&iacute;as Renovables","robots":{"index":"index","follow":"follow","max-snippet":"max-snippet:-1","max-image-preview":"max-image-preview:large","max-video-preview":"max-video-preview:-1"},"canonical":"http:\/\/solsticio.es\/index.php\/eficiencia-energetica\/","og_locale":"es_ES","og_type":"article","og_title":"Eficiencia energ\u00e9tica - Solsticio Energ&iacute;as Renovables","og_description":"La eficiencia energetica es una practica que tiene como objetivo reducir el consumo de energ\u00eda. Dicho de otro modo, la eficiencia energ\u00e9tica es el uso eficiente de la energ\u00eda con el fin de optimizar los procesos de producci\u00f3n, o simplemente, reducir la factura de la luz. En Solsticio mejoramos la calificaci\u00f3n energ\u00e9tica de su vivienda&hellip;Read More","og_url":"http:\/\/solsticio.es\/index.php\/eficiencia-energetica\/","og_site_name":"Solsticio Energ&iacute;as Renovables","article_modified_time":"2016-12-28T16:04:57+00:00","twitter_card":"summary_large_image","twitter_misc":{"Tiempo de lectura":"2 minutos"},"schema":{"@context":"https:\/\/schema.org","@graph":[{"@type":"WebPage","@id":"http:\/\/solsticio.es\/index.php\/eficiencia-energetica\/","url":"http:\/\/solsticio.es\/index.php\/eficiencia-energetica\/","name":"Eficiencia energ\u00e9tica - Solsticio Energ&iacute;as Renovables","isPartOf":{"@id":"http:\/\/solsticio.es\/#website"},"datePublished":"2016-06-14T10:21:11+00:00","dateModified":"2016-12-28T16:04:57+00:00","breadcrumb":{"@id":"http:\/\/solsticio.es\/index.php\/eficiencia-energetica\/#breadcrumb"},"inLanguage":"es","potentialAction":[{"@type":"ReadAction","target":["http:\/\/solsticio.es\/index.php\/eficiencia-energetica\/"]}]},{"@type":"BreadcrumbList","@id":"http:\/\/solsticio.es\/index.php\/eficiencia-energetica\/#breadcrumb","itemListElement":[{"@type":"ListItem","position":1,"name":"Portada","item":"http:\/\/solsticio.es\/"},{"@type":"ListItem","position":2,"name":"Eficiencia energ\u00e9tica"}]},{"@type":"WebSite","@id":"http:\/\/solsticio.es\/#website","url":"http:\/\/solsticio.es\/","name":"Solsticio Energ&iacute;as Renovables","description":"","publisher":{"@id":"http:\/\/solsticio.es\/#organization"},"potentialAction":[{"@type":"SearchAction","target":{"@type":"EntryPoint","urlTemplate":"http:\/\/solsticio.es\/?s={search_term_string}"},"query-input":{"@type":"PropertyValueSpecification","valueRequired":true,"valueName":"search_term_string"}}],"inLanguage":"es"},{"@type":"Organization","@id":"http:\/\/solsticio.es\/#organization","name":"Solsticio Energ\u00edas Renovables","url":"http:\/\/solsticio.es\/","logo":{"@type":"ImageObject","inLanguage":"es","@id":"http:\/\/solsticio.es\/#\/schema\/logo\/image\/","url":"http:\/\/solsticio.es\/wp-content\/uploads\/2016\/12\/cropped-LOGO-SOLSTICIO.png","contentUrl":"http:\/\/solsticio.es\/wp-content\/uploads\/2016\/12\/cropped-LOGO-SOLSTICIO.png","width":160,"height":45,"caption":"Solsticio Energ\u00edas Renovables"},"image":{"@id":"http:\/\/solsticio.es\/#\/schema\/logo\/image\/"}}]}},"_links":{"self":[{"href":"http:\/\/solsticio.es\/index.php\/wp-json\/wp\/v2\/pages\/106"}],"collection":[{"href":"http:\/\/solsticio.es\/index.php\/wp-json\/wp\/v2\/pages"}],"about":[{"href":"http:\/\/solsticio.es\/index.php\/wp-json\/wp\/v2\/types\/page"}],"author":[{"embeddable":true,"href":"http:\/\/solsticio.es\/index.php\/wp-json\/wp\/v2\/users\/1"}],"replies":[{"embeddable":true,"href":"http:\/\/solsticio.es\/index.php\/wp-json\/wp\/v2\/comments?post=106"}],"version-history":[{"count":14,"href":"http:\/\/solsticio.es\/index.php\/wp-json\/wp\/v2\/pages\/106\/revisions"}],"predecessor-version":[{"id":544,"href":"http:\/\/solsticio.es\/index.php\/wp-json\/wp\/v2\/pages\/106\/revisions\/544"}],"wp:attachment":[{"href":"http:\/\/solsticio.es\/index.php\/wp-json\/wp\/v2\/media?parent=106"}],"curies":[{"name":"wp","href":"https:\/\/api.w.org\/{rel}","templated":true}]}}