{"id":108,"date":"2016-06-14T10:21:33","date_gmt":"2016-06-14T10:21:33","guid":{"rendered":"http:\/\/solsticio.es\/?page_id=108"},"modified":"2018-03-08T11:35:12","modified_gmt":"2018-03-08T11:35:12","slug":"mantenimiento-y-reparacion","status":"publish","type":"page","link":"http:\/\/solsticio.es\/index.php\/mantenimiento-y-reparacion\/","title":{"rendered":"Reparaci\u00f3n y mantenimiento de inversores."},"content":{"rendered":"Estamos especializados en la reparaci\u00f3n y mantenimiento de inversores solares fotovoltaicos de marcas como Solarmax, Sma, Sunways y otras.<\/p>\n<p>Teniendo encueta que el inversor es el elemento m\u00e1s susceptible de ruptura en una instalaci\u00f3n fotovoltaica, es importante tener un buen mantenimiento del cual y en caso de ruptura tener un servicio r\u00e1pido y eficaz de reparaci\u00f3n para que nuestra planta no sufra graves perdida de producci\u00f3n<\/p>\n<p>Adem\u00e1s, somos<strong> EXPERTOS EN REPARACI\u00d3N DE INVERSORES SOLARMAX<\/strong>. Nos avalan m\u00e1s de 10 a\u00f1os de experiencia trabajando en el servicio t\u00e9cnico de la empresa SolarMax. Disponemos adem\u00e1s de equipos completos y repuestos para estos equipos y tambi\u00e9n de algunas otras marcas.<\/p>\n<p><img loading=\"lazy\" decoding=\"async\" class=\"wp-image-57 alignleft\" src=\"http:\/\/solsticio.es\/wp-content\/uploads\/2016\/05\/03.jpg\" alt=\"03\" width=\"480\" height=\"360\" srcset=\"http:\/\/solsticio.es\/wp-content\/uploads\/2016\/05\/03.jpg 700w, http:\/\/solsticio.es\/wp-content\/uploads\/2016\/05\/03-300x225.jpg 300w, http:\/\/solsticio.es\/wp-content\/uploads\/2016\/05\/03-624x468.jpg 624w\" sizes=\"(max-width: 480px) 100vw, 480px\" \/><\/p>\n<p><img loading=\"lazy\" decoding=\"async\" class=\"wp-image-38 alignleft\" src=\"http:\/\/solsticio.es\/wp-content\/uploads\/2016\/05\/P60426-192327-3.jpg\" alt=\"P60426-192327-3\" width=\"480\" height=\"360\" srcset=\"http:\/\/solsticio.es\/wp-content\/uploads\/2016\/05\/P60426-192327-3.jpg 2656w, http:\/\/solsticio.es\/wp-content\/uploads\/2016\/05\/P60426-192327-3-300x225.jpg 300w, http:\/\/solsticio.es\/wp-content\/uploads\/2016\/05\/P60426-192327-3-768x576.jpg 768w, http:\/\/solsticio.es\/wp-content\/uploads\/2016\/05\/P60426-192327-3-1024x768.jpg 1024w, http:\/\/solsticio.es\/wp-content\/uploads\/2016\/05\/P60426-192327-3-624x468.jpg 624w\" sizes=\"(max-width: 480px) 100vw, 480px\" \/><\/p>\n<p>&nbsp;<\/p>\n<p><strong>\u00a0<\/strong><\/p>\n<p>&nbsp;<\/p>\n<p>&nbsp;<\/p>\n<p>&nbsp;<\/p>\n<p>&nbsp;<\/p>\n<p>&nbsp;<\/p>\n<p>&nbsp;<\/p>\n<p>&nbsp;<\/p>\n<p>&nbsp;<\/p>\n<p><strong>P\u00eddanos presupuesto sin ning\u00fan tipo de compromiso.<\/strong>","protected":false},"excerpt":{"rendered":"<p>Estamos especializados en la reparaci\u00f3n y mantenimiento de inversores solares fotovoltaicos de marcas como Solarmax, Sma, Sunways y otras. Teniendo encueta que el inversor es el elemento m\u00e1s susceptible de ruptura en una instalaci\u00f3n fotovoltaica, es importante tener un buen mantenimiento del cual y en caso de ruptura tener un servicio r\u00e1pido y eficaz de&hellip;<\/p>\n<p class=\"more-link\"><a href=\"http:\/\/solsticio.es\/index.php\/mantenimiento-y-reparacion\/\" class=\"themebutton\">Read More<\/a><\/p>\n","protected":false},"author":1,"featured_media":0,"parent":0,"menu_order":0,"comment_status":"closed","ping_status":"closed","template":"","meta":{"footnotes":""},"yoast_head":"<!-- This site is optimized with the Yoast SEO plugin v23.5 - https:\/\/yoast.com\/wordpress\/plugins\/seo\/ -->\n<title>Reparaci\u00f3n y mantenimiento de inversores. - Solsticio Energ&iacute;as Renovables<\/title>\n<meta name=\"robots\" content=\"index, follow, max-snippet:-1, max-image-preview:large, max-video-preview:-1\" \/>\n<link rel=\"canonical\" href=\"http:\/\/solsticio.es\/index.php\/mantenimiento-y-reparacion\/\" \/>\n<meta property=\"og:locale\" content=\"es_ES\" \/>\n<meta property=\"og:type\" content=\"article\" \/>\n<meta property=\"og:title\" content=\"Reparaci\u00f3n y mantenimiento de inversores. - Solsticio Energ&iacute;as Renovables\" \/>\n<meta property=\"og:description\" content=\"Estamos especializados en la reparaci\u00f3n y mantenimiento de inversores solares fotovoltaicos de marcas como Solarmax, Sma, Sunways y otras. Teniendo encueta que el inversor es el elemento m\u00e1s susceptible de ruptura en una instalaci\u00f3n fotovoltaica, es importante tener un buen mantenimiento del cual y en caso de ruptura tener un servicio r\u00e1pido y eficaz de&hellip;Read More\" \/>\n<meta property=\"og:url\" content=\"http:\/\/solsticio.es\/index.php\/mantenimiento-y-reparacion\/\" \/>\n<meta property=\"og:site_name\" content=\"Solsticio Energ&iacute;as Renovables\" \/>\n<meta property=\"article:modified_time\" content=\"2018-03-08T11:35:12+00:00\" \/>\n<meta property=\"og:image\" content=\"http:\/\/solsticio.es\/wp-content\/uploads\/2016\/05\/03.jpg\" \/>\n<meta name=\"twitter:card\" content=\"summary_large_image\" \/>\n<meta name=\"twitter:label1\" content=\"Tiempo de lectura\" \/>\n\t<meta name=\"twitter:data1\" content=\"1 minuto\" \/>\n<script type=\"application\/ld+json\" class=\"yoast-schema-graph\">{\"@context\":\"https:\/\/schema.org\",\"@graph\":[{\"@type\":\"WebPage\",\"@id\":\"http:\/\/solsticio.es\/index.php\/mantenimiento-y-reparacion\/\",\"url\":\"http:\/\/solsticio.es\/index.php\/mantenimiento-y-reparacion\/\",\"name\":\"Reparaci\u00f3n y mantenimiento de inversores. - Solsticio Energ&iacute;as Renovables\",\"isPartOf\":{\"@id\":\"http:\/\/solsticio.es\/#website\"},\"primaryImageOfPage\":{\"@id\":\"http:\/\/solsticio.es\/index.php\/mantenimiento-y-reparacion\/#primaryimage\"},\"image\":{\"@id\":\"http:\/\/solsticio.es\/index.php\/mantenimiento-y-reparacion\/#primaryimage\"},\"thumbnailUrl\":\"http:\/\/solsticio.es\/wp-content\/uploads\/2016\/05\/03.jpg\",\"datePublished\":\"2016-06-14T10:21:33+00:00\",\"dateModified\":\"2018-03-08T11:35:12+00:00\",\"breadcrumb\":{\"@id\":\"http:\/\/solsticio.es\/index.php\/mantenimiento-y-reparacion\/#breadcrumb\"},\"inLanguage\":\"es\",\"potentialAction\":[{\"@type\":\"ReadAction\",\"target\":[\"http:\/\/solsticio.es\/index.php\/mantenimiento-y-reparacion\/\"]}]},{\"@type\":\"ImageObject\",\"inLanguage\":\"es\",\"@id\":\"http:\/\/solsticio.es\/index.php\/mantenimiento-y-reparacion\/#primaryimage\",\"url\":\"http:\/\/solsticio.es\/wp-content\/uploads\/2016\/05\/03.jpg\",\"contentUrl\":\"http:\/\/solsticio.es\/wp-content\/uploads\/2016\/05\/03.jpg\",\"width\":700,\"height\":525},{\"@type\":\"BreadcrumbList\",\"@id\":\"http:\/\/solsticio.es\/index.php\/mantenimiento-y-reparacion\/#breadcrumb\",\"itemListElement\":[{\"@type\":\"ListItem\",\"position\":1,\"name\":\"Portada\",\"item\":\"http:\/\/solsticio.es\/\"},{\"@type\":\"ListItem\",\"position\":2,\"name\":\"Reparaci\u00f3n y mantenimiento de inversores.\"}]},{\"@type\":\"WebSite\",\"@id\":\"http:\/\/solsticio.es\/#website\",\"url\":\"http:\/\/solsticio.es\/\",\"name\":\"Solsticio Energ&iacute;as Renovables\",\"description\":\"\",\"publisher\":{\"@id\":\"http:\/\/solsticio.es\/#organization\"},\"potentialAction\":[{\"@type\":\"SearchAction\",\"target\":{\"@type\":\"EntryPoint\",\"urlTemplate\":\"http:\/\/solsticio.es\/?s={search_term_string}\"},\"query-input\":{\"@type\":\"PropertyValueSpecification\",\"valueRequired\":true,\"valueName\":\"search_term_string\"}}],\"inLanguage\":\"es\"},{\"@type\":\"Organization\",\"@id\":\"http:\/\/solsticio.es\/#organization\",\"name\":\"Solsticio Energ\u00edas Renovables\",\"url\":\"http:\/\/solsticio.es\/\",\"logo\":{\"@type\":\"ImageObject\",\"inLanguage\":\"es\",\"@id\":\"http:\/\/solsticio.es\/#\/schema\/logo\/image\/\",\"url\":\"http:\/\/solsticio.es\/wp-content\/uploads\/2016\/12\/cropped-LOGO-SOLSTICIO.png\",\"contentUrl\":\"http:\/\/solsticio.es\/wp-content\/uploads\/2016\/12\/cropped-LOGO-SOLSTICIO.png\",\"width\":160,\"height\":45,\"caption\":\"Solsticio Energ\u00edas Renovables\"},\"image\":{\"@id\":\"http:\/\/solsticio.es\/#\/schema\/logo\/image\/\"}}]}<\/script>\n<!-- \/ Yoast SEO plugin. -->","yoast_head_json":{"title":"Reparaci\u00f3n y mantenimiento de inversores. - Solsticio Energ&iacute;as Renovables","robots":{"index":"index","follow":"follow","max-snippet":"max-snippet:-1","max-image-preview":"max-image-preview:large","max-video-preview":"max-video-preview:-1"},"canonical":"http:\/\/solsticio.es\/index.php\/mantenimiento-y-reparacion\/","og_locale":"es_ES","og_type":"article","og_title":"Reparaci\u00f3n y mantenimiento de inversores. - Solsticio Energ&iacute;as Renovables","og_description":"Estamos especializados en la reparaci\u00f3n y mantenimiento de inversores solares fotovoltaicos de marcas como Solarmax, Sma, Sunways y otras. Teniendo encueta que el inversor es el elemento m\u00e1s susceptible de ruptura en una instalaci\u00f3n fotovoltaica, es importante tener un buen mantenimiento del cual y en caso de ruptura tener un servicio r\u00e1pido y eficaz de&hellip;Read More","og_url":"http:\/\/solsticio.es\/index.php\/mantenimiento-y-reparacion\/","og_site_name":"Solsticio Energ&iacute;as Renovables","article_modified_time":"2018-03-08T11:35:12+00:00","og_image":[{"url":"http:\/\/solsticio.es\/wp-content\/uploads\/2016\/05\/03.jpg"}],"twitter_card":"summary_large_image","twitter_misc":{"Tiempo de lectura":"1 minuto"},"schema":{"@context":"https:\/\/schema.org","@graph":[{"@type":"WebPage","@id":"http:\/\/solsticio.es\/index.php\/mantenimiento-y-reparacion\/","url":"http:\/\/solsticio.es\/index.php\/mantenimiento-y-reparacion\/","name":"Reparaci\u00f3n y mantenimiento de inversores. - Solsticio Energ&iacute;as Renovables","isPartOf":{"@id":"http:\/\/solsticio.es\/#website"},"primaryImageOfPage":{"@id":"http:\/\/solsticio.es\/index.php\/mantenimiento-y-reparacion\/#primaryimage"},"image":{"@id":"http:\/\/solsticio.es\/index.php\/mantenimiento-y-reparacion\/#primaryimage"},"thumbnailUrl":"http:\/\/solsticio.es\/wp-content\/uploads\/2016\/05\/03.jpg","datePublished":"2016-06-14T10:21:33+00:00","dateModified":"2018-03-08T11:35:12+00:00","breadcrumb":{"@id":"http:\/\/solsticio.es\/index.php\/mantenimiento-y-reparacion\/#breadcrumb"},"inLanguage":"es","potentialAction":[{"@type":"ReadAction","target":["http:\/\/solsticio.es\/index.php\/mantenimiento-y-reparacion\/"]}]},{"@type":"ImageObject","inLanguage":"es","@id":"http:\/\/solsticio.es\/index.php\/mantenimiento-y-reparacion\/#primaryimage","url":"http:\/\/solsticio.es\/wp-content\/uploads\/2016\/05\/03.jpg","contentUrl":"http:\/\/solsticio.es\/wp-content\/uploads\/2016\/05\/03.jpg","width":700,"height":525},{"@type":"BreadcrumbList","@id":"http:\/\/solsticio.es\/index.php\/mantenimiento-y-reparacion\/#breadcrumb","itemListElement":[{"@type":"ListItem","position":1,"name":"Portada","item":"http:\/\/solsticio.es\/"},{"@type":"ListItem","position":2,"name":"Reparaci\u00f3n y mantenimiento de inversores."}]},{"@type":"WebSite","@id":"http:\/\/solsticio.es\/#website","url":"http:\/\/solsticio.es\/","name":"Solsticio Energ&iacute;as Renovables","description":"","publisher":{"@id":"http:\/\/solsticio.es\/#organization"},"potentialAction":[{"@type":"SearchAction","target":{"@type":"EntryPoint","urlTemplate":"http:\/\/solsticio.es\/?s={search_term_string}"},"query-input":{"@type":"PropertyValueSpecification","valueRequired":true,"valueName":"search_term_string"}}],"inLanguage":"es"},{"@type":"Organization","@id":"http:\/\/solsticio.es\/#organization","name":"Solsticio Energ\u00edas Renovables","url":"http:\/\/solsticio.es\/","logo":{"@type":"ImageObject","inLanguage":"es","@id":"http:\/\/solsticio.es\/#\/schema\/logo\/image\/","url":"http:\/\/solsticio.es\/wp-content\/uploads\/2016\/12\/cropped-LOGO-SOLSTICIO.png","contentUrl":"http:\/\/solsticio.es\/wp-content\/uploads\/2016\/12\/cropped-LOGO-SOLSTICIO.png","width":160,"height":45,"caption":"Solsticio Energ\u00edas Renovables"},"image":{"@id":"http:\/\/solsticio.es\/#\/schema\/logo\/image\/"}}]}},"_links":{"self":[{"href":"http:\/\/solsticio.es\/index.php\/wp-json\/wp\/v2\/pages\/108"}],"collection":[{"href":"http:\/\/solsticio.es\/index.php\/wp-json\/wp\/v2\/pages"}],"about":[{"href":"http:\/\/solsticio.es\/index.php\/wp-json\/wp\/v2\/types\/page"}],"author":[{"embeddable":true,"href":"http:\/\/solsticio.es\/index.php\/wp-json\/wp\/v2\/users\/1"}],"replies":[{"embeddable":true,"href":"http:\/\/solsticio.es\/index.php\/wp-json\/wp\/v2\/comments?post=108"}],"version-history":[{"count":39,"href":"http:\/\/solsticio.es\/index.php\/wp-json\/wp\/v2\/pages\/108\/revisions"}],"predecessor-version":[{"id":607,"href":"http:\/\/solsticio.es\/index.php\/wp-json\/wp\/v2\/pages\/108\/revisions\/607"}],"wp:attachment":[{"href":"http:\/\/solsticio.es\/index.php\/wp-json\/wp\/v2\/media?parent=108"}],"curies":[{"name":"wp","href":"https:\/\/api.w.org\/{rel}","templated":true}]}}