{"id":116,"date":"2016-06-14T15:32:42","date_gmt":"2016-06-14T15:32:42","guid":{"rendered":"http:\/\/solsticio.es\/?page_id=116"},"modified":"2016-11-29T12:43:13","modified_gmt":"2016-11-29T12:43:13","slug":"solsticio-energias-renovables","status":"publish","type":"page","link":"http:\/\/solsticio.es\/index.php\/solsticio-energias-renovables\/","title":{"rendered":""},"content":{"rendered":"<div id=\"pl-116\"  class=\"panel-layout\" ><div id=\"pg-116-0\"  class=\"panel-grid panel-has-style\" ><div class=\"siteorigin-panels-stretch panel-row-style panel-row-style-for-116-0\" data-stretch-type=\"full-stretched\" ><div id=\"pgc-116-0-0\"  class=\"panel-grid-cell\" ><div id=\"panel-116-0-0-0\" class=\"so-panel widget widget_sow-features panel-first-child panel-last-child\" data-index=\"0\" ><div class=\"English text panel-widget-style panel-widget-style-for-116-0-0-0\" ><div\n\t\t\t\n\t\t\tclass=\"so-widget-sow-features so-widget-sow-features-default-f332442224a6-116\"\n\t\t\t\n\t\t><ul\n\tclass=\"sow-features-list\n\tsow-features-responsive\">\n\n\t\t\t<li\n\t\t\tclass=\"sow-features-feature sow-icon-container-position-top\"\n\t\t\tstyle=\"display: flex; flex-direction: column; width: calc(100% - 25px);\"\n\t\t>\n\t\t\t\n\t\t\t\t\t\t<div\t\t\t\tclass=\"sow-icon-container sow-container-sticker\"\n\t\t\t\tstyle=\"color: #fa9958; \"\n\t\t\t\t\n\t\t\t\t\t\t\t>\n\t\t\t\t<span class=\"sow-icon-elegantline\" data-sow-icon=\"&#xe040;\"\n\t\tstyle=\"font-size: 48px; color: #000000\" \n\t\taria-hidden=\"true\"><\/span>\t\t\t<\/div>\n\n\t\t\t<div class=\"textwidget\">\n\t\t\t\t\n\t\t\t\t\t\t\t\t\t<h5 class=\"sow-features-feature-title\">\n\t\t\t\t\t\tNosotros\t\t\t\t\t<\/h5>\n\t\t\t\t\n\t\t\t\t\t\t\t\t\t<div class=\"sow-features-feature-text\">\n\t\t\t\t\tEn Solsticio Energ\u00edas Renovables somos especialistas en energ\u00eda solar. Nuestra actividad principal es la realizaci\u00f3n de proyectos de autoconsumo y eficiencia energ\u00e9tica. Tambi\u00e9n nos encargamos de la reparaci\u00f3n y mantenimiento de instalaciones fotovoltaicas. Y todo ello tanto para particulares como para empresas. Adem\u00e1s, si desea montar una nueva instalaci\u00f3n fotovoltaica, realizamos el proyecto y tramitamos todas las ayudas disponibles.\t\t\t\t\t<\/div>\n\t\t\t\t\t\t\t\t<\/div>\n\t\t\t\t\t\t\t\t<\/li>\n\n\t\t\t<li\n\t\t\tclass=\"sow-features-feature sow-icon-container-position-top\"\n\t\t\tstyle=\"display: flex; flex-direction: column; width: calc(100% - 25px);\"\n\t\t>\n\t\t\t\n\t\t\t\t\t\t<div\t\t\t\tclass=\"sow-icon-container sow-container-sticker\"\n\t\t\t\tstyle=\"color: #fa9958; \"\n\t\t\t\t\n\t\t\t\t\t\t\t>\n\t\t\t\t<span class=\"sow-icon-elegantline\" data-sow-icon=\"&#xe025;\"\n\t\tstyle=\"font-size: 48px; color: #000000\" \n\t\taria-hidden=\"true\"><\/span>\t\t\t<\/div>\n\n\t\t\t<div class=\"textwidget\">\n\t\t\t\t\n\t\t\t\t\t\t\t\t\t<h5 class=\"sow-features-feature-title\">\n\t\t\t\t\t\tNos desplazamos\t\t\t\t\t<\/h5>\n\t\t\t\t\n\t\t\t\t\t\t\t\t\t<div class=\"sow-features-feature-text\">\n\t\t\t\t\tAunque la mayor\u00eda de nuestros clientes se concentran en el sureste de Espa\u00f1a, nos desplazamos a cualquier lugar de Espa\u00f1a para prestar nuestros servicios.\t\t\t\t\t<\/div>\n\t\t\t\t\t\t\t\t<\/div>\n\t\t\t\t\t\t\t\t<\/li>\n\n\t<\/ul>\n<\/div><\/div><\/div><\/div><div id=\"pgc-116-0-1\"  class=\"panel-grid-cell\" ><div id=\"panel-116-0-1-0\" class=\"so-panel widget widget_sow-image panel-first-child panel-last-child\" data-index=\"1\" ><div\n\t\t\t\n\t\t\tclass=\"so-widget-sow-image so-widget-sow-image-default-c67d20f9f743-116\"\n\t\t\t\n\t\t>\n<div class=\"sow-image-container\">\n\t\t<img \n\tsrc=\"http:\/\/solsticio.es\/wp-content\/uploads\/2016\/06\/bombillas.jpg\" width=\"370\" height=\"600\" srcset=\"http:\/\/solsticio.es\/wp-content\/uploads\/2016\/06\/bombillas.jpg 370w, http:\/\/solsticio.es\/wp-content\/uploads\/2016\/06\/bombillas-185x300.jpg 185w\" sizes=\"(max-width: 370px) 100vw, 370px\" alt=\"bombillas\" \t\tclass=\"so-widget-image\"\/>\n\t<\/div>\n\n<\/div><\/div><\/div><div id=\"pgc-116-0-2\"  class=\"panel-grid-cell\" ><div id=\"panel-116-0-2-0\" class=\"so-panel widget widget_sow-features panel-first-child panel-last-child\" data-index=\"2\" ><div class=\"panel-widget-style panel-widget-style-for-116-0-2-0\" ><div\n\t\t\t\n\t\t\tclass=\"so-widget-sow-features so-widget-sow-features-default-f332442224a6-116\"\n\t\t\t\n\t\t><ul\n\tclass=\"sow-features-list\n\tsow-features-responsive\">\n\n\t\t\t<li\n\t\t\tclass=\"sow-features-feature sow-icon-container-position-top\"\n\t\t\tstyle=\"display: flex; flex-direction: column; width: calc(100% - 25px);\"\n\t\t>\n\t\t\t\n\t\t\t\t\t\t<div\t\t\t\tclass=\"sow-icon-container sow-container-sticker\"\n\t\t\t\tstyle=\"color: #fa9958; \"\n\t\t\t\t\n\t\t\t\t\t\t\t>\n\t\t\t\t<span class=\"sow-icon-elegantline\" data-sow-icon=\"&#xe034;\"\n\t\tstyle=\"font-size: 48px; color: #000000\" \n\t\taria-hidden=\"true\"><\/span>\t\t\t<\/div>\n\n\t\t\t<div class=\"textwidget\">\n\t\t\t\t\n\t\t\t\t\t\t\t\t\t<h5 class=\"sow-features-feature-title\">\n\t\t\t\t\t\tMantenimiento Y Reparaci\u00f3n\t\t\t\t\t<\/h5>\n\t\t\t\t\n\t\t\t\t\t\t\t\t\t<div class=\"sow-features-feature-text\">\n\t\t\t\t\tRealizamos tareas de reparaci\u00f3n y mantenimiento de plantas solares. Estamos especializados en la tecnolog\u00eda de los inversores solares fotovoltaicos, siendo expertos en equipos de la marca SolarMax. Adem\u00e1s, analizamos de forma gratuita su instalaci\u00f3n solar para evaluar su estado y comprobar si son necesarias acciones preventivas y correctivas.\t\t\t\t\t<\/div>\n\t\t\t\t\t\t\t\t<\/div>\n\t\t\t\t\t\t\t\t<\/li>\n\n\t\t\t<li\n\t\t\tclass=\"sow-features-feature sow-icon-container-position-top\"\n\t\t\tstyle=\"display: flex; flex-direction: column; width: calc(100% - 25px);\"\n\t\t>\n\t\t\t\n\t\t\t\t\t\t<div\t\t\t\tclass=\"sow-icon-container sow-container-sticker\"\n\t\t\t\tstyle=\"color: #fa9958; \"\n\t\t\t\t\n\t\t\t\t\t\t\t>\n\t\t\t\t<span class=\"sow-icon-elegantline\" data-sow-icon=\"&#xe045;\"\n\t\tstyle=\"font-size: 48px; color: #000000\" \n\t\taria-hidden=\"true\"><\/span>\t\t\t<\/div>\n\n\t\t\t<div class=\"textwidget\">\n\t\t\t\t\n\t\t\t\t\t\t\t\t\t<h5 class=\"sow-features-feature-title\">\n\t\t\t\t\t\tNuestro Objetivo\t\t\t\t\t<\/h5>\n\t\t\t\t\n\t\t\t\t\t\t\t\t\t<div class=\"sow-features-feature-text\">\n\t\t\t\t\tEn Solsticio nos hemos propuesto llevar la energ\u00eda solar a todos los rincones de Espa\u00f1a realizando instalaciones all\u00ed donde nuestros clientes lo necesiten. Adem\u00e1s, sabemos de la importancia para nuestros clientes de mantener las instalaciones fotovoltaicas en \u00f3ptimas condiciones, con el objetivo de asegurar el buen funcionamiento de sus equipos durante la vida \u00fatil de su instalaci\u00f3n y reducir as\u00ed el tiempo de amortizaci\u00f3n de las instalaciones.\t\t\t\t\t<\/div>\n\t\t\t\t\t\t\t\t<\/div>\n\t\t\t\t\t\t\t\t<\/li>\n\n\t<\/ul>\n<\/div><\/div><\/div><\/div><\/div><\/div><div id=\"pg-116-1\"  class=\"panel-grid panel-has-style\" ><div class=\"siteorigin-panels-stretch panel-row-style panel-row-style-for-116-1\" data-stretch-type=\"full-stretched\" ><div id=\"pgc-116-1-0\"  class=\"panel-grid-cell\" ><div id=\"panel-116-1-0-0\" class=\"so-panel widget widget_sow-image panel-first-child panel-last-child\" data-index=\"3\" ><div class=\"panel-widget-style panel-widget-style-for-116-1-0-0\" ><div\n\t\t\t\n\t\t\tclass=\"so-widget-sow-image so-widget-sow-image-default-c67d20f9f743-116\"\n\t\t\t\n\t\t>\n<div class=\"sow-image-container\">\n\t\t<img \n\tsrc=\"http:\/\/solsticio.es\/wp-content\/uploads\/2016\/06\/linea_horiz_inicioweb_1200x56.png\" width=\"1200\" height=\"56\" srcset=\"http:\/\/solsticio.es\/wp-content\/uploads\/2016\/06\/linea_horiz_inicioweb_1200x56.png 1200w, http:\/\/solsticio.es\/wp-content\/uploads\/2016\/06\/linea_horiz_inicioweb_1200x56-300x14.png 300w, http:\/\/solsticio.es\/wp-content\/uploads\/2016\/06\/linea_horiz_inicioweb_1200x56-768x36.png 768w, http:\/\/solsticio.es\/wp-content\/uploads\/2016\/06\/linea_horiz_inicioweb_1200x56-1024x48.png 1024w\" sizes=\"(max-width: 1200px) 100vw, 1200px\" alt=\"\" \t\tclass=\"so-widget-image\"\/>\n\t<\/div>\n\n<\/div><\/div><\/div><\/div><\/div><\/div><\/div>","protected":false},"excerpt":{"rendered":"<p>Nosotros En Solsticio Energ\u00edas Renovables somos especialistas en energ\u00eda solar. Nuestra actividad principal es la realizaci\u00f3n de proyectos de autoconsumo y eficiencia energ\u00e9tica. Tambi\u00e9n nos encargamos de la reparaci\u00f3n y mantenimiento de instalaciones fotovoltaicas. Y todo ello tanto para particulares como para empresas. Adem\u00e1s, si desea montar una nueva instalaci\u00f3n fotovoltaica, realizamos el proyecto y&hellip;<\/p>\n<p class=\"more-link\"><a href=\"http:\/\/solsticio.es\/index.php\/solsticio-energias-renovables\/\" class=\"themebutton\">Read More<\/a><\/p>\n","protected":false},"author":1,"featured_media":0,"parent":0,"menu_order":0,"comment_status":"closed","ping_status":"open","template":"","meta":{"footnotes":""},"yoast_head":"<!-- This site is optimized with the Yoast SEO plugin v23.5 - https:\/\/yoast.com\/wordpress\/plugins\/seo\/ -->\n<title>Solsticio Energ\u00edas Renovables, especialistas en energ\u00eda solar fotovoltaica<\/title>\n<meta name=\"description\" content=\"Empresa especializada en energ\u00eda solar fotovoltaica, realizamos proyectos de autoconsumo y eficiencia energ\u00e9tica, as\u00ed como mantenimiento de instalaciones.\" \/>\n<meta name=\"robots\" content=\"index, follow, max-snippet:-1, max-image-preview:large, max-video-preview:-1\" \/>\n<link rel=\"canonical\" href=\"http:\/\/solsticio.es\/index.php\/solsticio-energias-renovables\/\" \/>\n<meta property=\"og:locale\" content=\"es_ES\" \/>\n<meta property=\"og:type\" content=\"article\" \/>\n<meta property=\"og:title\" content=\"Solsticio Energ\u00edas Renovables, especialistas en energ\u00eda solar fotovoltaica\" \/>\n<meta property=\"og:description\" content=\"Empresa especializada en energ\u00eda solar fotovoltaica, realizamos proyectos de autoconsumo y eficiencia energ\u00e9tica, as\u00ed como mantenimiento de instalaciones.\" \/>\n<meta property=\"og:url\" content=\"http:\/\/solsticio.es\/index.php\/solsticio-energias-renovables\/\" \/>\n<meta property=\"og:site_name\" content=\"Solsticio Energ&iacute;as Renovables\" \/>\n<meta property=\"article:modified_time\" content=\"2016-11-29T12:43:13+00:00\" \/>\n<meta property=\"og:image\" content=\"http:\/\/solsticio.es\/wp-content\/uploads\/2016\/06\/bombillas.jpg\" \/>\n<meta name=\"twitter:card\" content=\"summary_large_image\" \/>\n<meta name=\"twitter:label1\" content=\"Tiempo de lectura\" \/>\n\t<meta name=\"twitter:data1\" content=\"7 minutos\" \/>\n<script type=\"application\/ld+json\" class=\"yoast-schema-graph\">{\"@context\":\"https:\/\/schema.org\",\"@graph\":[{\"@type\":\"WebPage\",\"@id\":\"http:\/\/solsticio.es\/index.php\/solsticio-energias-renovables\/\",\"url\":\"http:\/\/solsticio.es\/index.php\/solsticio-energias-renovables\/\",\"name\":\"Solsticio Energ\u00edas Renovables, especialistas en energ\u00eda solar fotovoltaica\",\"isPartOf\":{\"@id\":\"http:\/\/solsticio.es\/#website\"},\"primaryImageOfPage\":{\"@id\":\"http:\/\/solsticio.es\/index.php\/solsticio-energias-renovables\/#primaryimage\"},\"image\":{\"@id\":\"http:\/\/solsticio.es\/index.php\/solsticio-energias-renovables\/#primaryimage\"},\"thumbnailUrl\":\"http:\/\/solsticio.es\/wp-content\/uploads\/2016\/06\/bombillas.jpg\",\"datePublished\":\"2016-06-14T15:32:42+00:00\",\"dateModified\":\"2016-11-29T12:43:13+00:00\",\"description\":\"Empresa especializada en energ\u00eda solar fotovoltaica, realizamos proyectos de autoconsumo y eficiencia energ\u00e9tica, as\u00ed como mantenimiento de instalaciones.\",\"inLanguage\":\"es\",\"potentialAction\":[{\"@type\":\"ReadAction\",\"target\":[\"http:\/\/solsticio.es\/index.php\/solsticio-energias-renovables\/\"]}]},{\"@type\":\"ImageObject\",\"inLanguage\":\"es\",\"@id\":\"http:\/\/solsticio.es\/index.php\/solsticio-energias-renovables\/#primaryimage\",\"url\":\"http:\/\/solsticio.es\/wp-content\/uploads\/2016\/06\/bombillas.jpg\",\"contentUrl\":\"http:\/\/solsticio.es\/wp-content\/uploads\/2016\/06\/bombillas.jpg\",\"width\":370,\"height\":600,\"caption\":\"bombillas\"},{\"@type\":\"WebSite\",\"@id\":\"http:\/\/solsticio.es\/#website\",\"url\":\"http:\/\/solsticio.es\/\",\"name\":\"Solsticio Energ&iacute;as Renovables\",\"description\":\"\",\"publisher\":{\"@id\":\"http:\/\/solsticio.es\/#organization\"},\"potentialAction\":[{\"@type\":\"SearchAction\",\"target\":{\"@type\":\"EntryPoint\",\"urlTemplate\":\"http:\/\/solsticio.es\/?s={search_term_string}\"},\"query-input\":{\"@type\":\"PropertyValueSpecification\",\"valueRequired\":true,\"valueName\":\"search_term_string\"}}],\"inLanguage\":\"es\"},{\"@type\":\"Organization\",\"@id\":\"http:\/\/solsticio.es\/#organization\",\"name\":\"Solsticio Energ\u00edas Renovables\",\"url\":\"http:\/\/solsticio.es\/\",\"logo\":{\"@type\":\"ImageObject\",\"inLanguage\":\"es\",\"@id\":\"http:\/\/solsticio.es\/#\/schema\/logo\/image\/\",\"url\":\"http:\/\/solsticio.es\/wp-content\/uploads\/2016\/12\/cropped-LOGO-SOLSTICIO.png\",\"contentUrl\":\"http:\/\/solsticio.es\/wp-content\/uploads\/2016\/12\/cropped-LOGO-SOLSTICIO.png\",\"width\":160,\"height\":45,\"caption\":\"Solsticio Energ\u00edas Renovables\"},\"image\":{\"@id\":\"http:\/\/solsticio.es\/#\/schema\/logo\/image\/\"}}]}<\/script>\n<!-- \/ Yoast SEO plugin. -->","yoast_head_json":{"title":"Solsticio Energ\u00edas Renovables, especialistas en energ\u00eda solar fotovoltaica","description":"Empresa especializada en energ\u00eda solar fotovoltaica, realizamos proyectos de autoconsumo y eficiencia energ\u00e9tica, as\u00ed como mantenimiento de instalaciones.","robots":{"index":"index","follow":"follow","max-snippet":"max-snippet:-1","max-image-preview":"max-image-preview:large","max-video-preview":"max-video-preview:-1"},"canonical":"http:\/\/solsticio.es\/index.php\/solsticio-energias-renovables\/","og_locale":"es_ES","og_type":"article","og_title":"Solsticio Energ\u00edas Renovables, especialistas en energ\u00eda solar fotovoltaica","og_description":"Empresa especializada en energ\u00eda solar fotovoltaica, realizamos proyectos de autoconsumo y eficiencia energ\u00e9tica, as\u00ed como mantenimiento de instalaciones.","og_url":"http:\/\/solsticio.es\/index.php\/solsticio-energias-renovables\/","og_site_name":"Solsticio Energ&iacute;as Renovables","article_modified_time":"2016-11-29T12:43:13+00:00","og_image":[{"url":"http:\/\/solsticio.es\/wp-content\/uploads\/2016\/06\/bombillas.jpg"}],"twitter_card":"summary_large_image","twitter_misc":{"Tiempo de lectura":"7 minutos"},"schema":{"@context":"https:\/\/schema.org","@graph":[{"@type":"WebPage","@id":"http:\/\/solsticio.es\/index.php\/solsticio-energias-renovables\/","url":"http:\/\/solsticio.es\/index.php\/solsticio-energias-renovables\/","name":"Solsticio Energ\u00edas Renovables, especialistas en energ\u00eda solar fotovoltaica","isPartOf":{"@id":"http:\/\/solsticio.es\/#website"},"primaryImageOfPage":{"@id":"http:\/\/solsticio.es\/index.php\/solsticio-energias-renovables\/#primaryimage"},"image":{"@id":"http:\/\/solsticio.es\/index.php\/solsticio-energias-renovables\/#primaryimage"},"thumbnailUrl":"http:\/\/solsticio.es\/wp-content\/uploads\/2016\/06\/bombillas.jpg","datePublished":"2016-06-14T15:32:42+00:00","dateModified":"2016-11-29T12:43:13+00:00","description":"Empresa especializada en energ\u00eda solar fotovoltaica, realizamos proyectos de autoconsumo y eficiencia energ\u00e9tica, as\u00ed como mantenimiento de instalaciones.","inLanguage":"es","potentialAction":[{"@type":"ReadAction","target":["http:\/\/solsticio.es\/index.php\/solsticio-energias-renovables\/"]}]},{"@type":"ImageObject","inLanguage":"es","@id":"http:\/\/solsticio.es\/index.php\/solsticio-energias-renovables\/#primaryimage","url":"http:\/\/solsticio.es\/wp-content\/uploads\/2016\/06\/bombillas.jpg","contentUrl":"http:\/\/solsticio.es\/wp-content\/uploads\/2016\/06\/bombillas.jpg","width":370,"height":600,"caption":"bombillas"},{"@type":"WebSite","@id":"http:\/\/solsticio.es\/#website","url":"http:\/\/solsticio.es\/","name":"Solsticio Energ&iacute;as Renovables","description":"","publisher":{"@id":"http:\/\/solsticio.es\/#organization"},"potentialAction":[{"@type":"SearchAction","target":{"@type":"EntryPoint","urlTemplate":"http:\/\/solsticio.es\/?s={search_term_string}"},"query-input":{"@type":"PropertyValueSpecification","valueRequired":true,"valueName":"search_term_string"}}],"inLanguage":"es"},{"@type":"Organization","@id":"http:\/\/solsticio.es\/#organization","name":"Solsticio Energ\u00edas Renovables","url":"http:\/\/solsticio.es\/","logo":{"@type":"ImageObject","inLanguage":"es","@id":"http:\/\/solsticio.es\/#\/schema\/logo\/image\/","url":"http:\/\/solsticio.es\/wp-content\/uploads\/2016\/12\/cropped-LOGO-SOLSTICIO.png","contentUrl":"http:\/\/solsticio.es\/wp-content\/uploads\/2016\/12\/cropped-LOGO-SOLSTICIO.png","width":160,"height":45,"caption":"Solsticio Energ\u00edas Renovables"},"image":{"@id":"http:\/\/solsticio.es\/#\/schema\/logo\/image\/"}}]}},"_links":{"self":[{"href":"http:\/\/solsticio.es\/index.php\/wp-json\/wp\/v2\/pages\/116"}],"collection":[{"href":"http:\/\/solsticio.es\/index.php\/wp-json\/wp\/v2\/pages"}],"about":[{"href":"http:\/\/solsticio.es\/index.php\/wp-json\/wp\/v2\/types\/page"}],"author":[{"embeddable":true,"href":"http:\/\/solsticio.es\/index.php\/wp-json\/wp\/v2\/users\/1"}],"replies":[{"embeddable":true,"href":"http:\/\/solsticio.es\/index.php\/wp-json\/wp\/v2\/comments?post=116"}],"version-history":[{"count":21,"href":"http:\/\/solsticio.es\/index.php\/wp-json\/wp\/v2\/pages\/116\/revisions"}],"predecessor-version":[{"id":452,"href":"http:\/\/solsticio.es\/index.php\/wp-json\/wp\/v2\/pages\/116\/revisions\/452"}],"wp:attachment":[{"href":"http:\/\/solsticio.es\/index.php\/wp-json\/wp\/v2\/media?parent=116"}],"curies":[{"name":"wp","href":"https:\/\/api.w.org\/{rel}","templated":true}]}}