{"id":2,"date":"2016-05-12T08:31:50","date_gmt":"2016-05-12T08:31:50","guid":{"rendered":"http:\/\/localhost\/wordpress\/?page_id=2"},"modified":"2018-03-08T11:24:57","modified_gmt":"2018-03-08T11:24:57","slug":"inicio","status":"publish","type":"page","link":"http:\/\/solsticio.es\/","title":{"rendered":"Inicio"},"content":{"rendered":"<div id=\"pl-2\"  class=\"panel-layout\" ><div id=\"pg-2-0\"  class=\"panel-grid panel-has-style\" ><div class=\"siteorigin-panels-stretch panel-row-style panel-row-style-for-2-0\" data-stretch-type=\"full-stretched\" ><div id=\"pgc-2-0-0\"  class=\"panel-grid-cell\" ><div id=\"panel-2-0-0-0\" class=\"so-panel widget widget_sow-hero panel-first-child panel-last-child\" data-index=\"0\" ><div class=\"panel-widget-style panel-widget-style-for-2-0-0-0\" ><div\n\t\t\t\n\t\t\tclass=\"so-widget-sow-hero so-widget-sow-hero-default-d8b4d525fab5-2 so-widget-fittext-wrapper\"\n\t\t\t data-fit-text-compressor=\"0.85\"\n\t\t>\t\t\t\t<div class=\"sow-slider-base\" style=\"display: none\" tabindex=\"0\">\n\t\t\t\t\t<ul\n\t\t\t\t\tclass=\"sow-slider-images\"\n\t\t\t\t\tdata-settings=\"{&quot;pagination&quot;:true,&quot;speed&quot;:900,&quot;timeout&quot;:3000,&quot;paused&quot;:false,&quot;pause_on_hover&quot;:false,&quot;swipe&quot;:true,&quot;nav_always_show_desktop&quot;:&quot;&quot;,&quot;nav_always_show_mobile&quot;:&quot;&quot;,&quot;breakpoint&quot;:&quot;780px&quot;,&quot;unmute&quot;:false,&quot;anchor&quot;:null}\"\n\t\t\t\t\tstyle=\"min-height: 400px\"\t\t\t\t\tdata-anchor-id=\"\"\n\t\t\t\t>\t\t<li class=\"sow-slider-image  sow-slider-image-cover\" style=\"visibility: visible;;background-color: #333333\" >\n\t\t\t\t\t<div class=\"sow-slider-image-container\">\n\t\t\t<div class=\"sow-slider-image-wrapper\">\n\t\t\t\t<h3 style=\"text-align: center\"><span style=\"color: #ffffff\">Reparaci\u00f3n\u00a0<\/span><\/h3><h3 style=\"text-align: center\"><span style=\"color: #ffffff\">\u00a0 y\u00a0 <\/span><\/h3><h3 style=\"text-align: center\"><span style=\"color: #ffffff\">mantenimiento<\/span><\/h3>\t\t\t<\/div>\n\t\t<\/div>\n\t\t<div class=\"sow-slider-image-overlay sow-slider-image-cover\" style=\"opacity: 0.5;background-image: url(http:\/\/solsticio.es\/wp-content\/uploads\/2016\/05\/P60426-192407-1.jpg)\"  ><\/div>\t\t<\/li>\n\t\t\t\t<li class=\"sow-slider-image  sow-slider-image-cover\" style=\"visibility: hidden;;background-color: #333333\" >\n\t\t\t\t\t<div class=\"sow-slider-image-container\">\n\t\t\t<div class=\"sow-slider-image-wrapper\">\n\t\t\t\t<h1 style=\"text-align: center\">Bienvenidos a<\/h1><h1 style=\"text-align: center\">Solsticio<\/h1>\t\t\t<\/div>\n\t\t<\/div>\n\t\t<div class=\"sow-slider-image-overlay sow-slider-image-cover\" style=\"opacity: 0.5\" data-background=\"url(http:\/\/solsticio.es\/wp-content\/uploads\/2016\/05\/P60426-192355-2.jpg)\"  ><\/div>\t\t<\/li>\n\t\t\t\t<li class=\"sow-slider-image  sow-slider-image-cover\" style=\"visibility: hidden;;background-color: #333333\" data-background=\"url(http:\/\/solsticio.es\/wp-content\/uploads\/2016\/05\/P60426-192327-3.jpg)\" >\n\t\t\t\t\t<div class=\"sow-slider-image-container\">\n\t\t\t<div class=\"sow-slider-image-wrapper\">\n\t\t\t\t<h1 style=\"text-align: center\">Inversores<\/h1><h1 style=\"text-align: center\">\u00a0<\/h1>\t\t\t<\/div>\n\t\t<\/div>\n\t\t\t\t<\/li>\n\t\t\t\t<li class=\"sow-slider-image  sow-slider-image-cover\" style=\"visibility: hidden;;background-color: #333333\" >\n\t\t\t\t\t<div class=\"sow-slider-image-container\">\n\t\t\t<div class=\"sow-slider-image-wrapper\">\n\t\t\t\t<h3 style=\"text-align: center\">Aseguramos el buen<\/h3>\n<h3 style=\"text-align: center\">funcionamiento de<\/h3>\n<h3 style=\"text-align: center\">su equipo<\/h3>\n&nbsp;\t\t\t<\/div>\n\t\t<\/div>\n\t\t<div class=\"sow-slider-image-overlay sow-slider-image-cover\" style=\"opacity: 0.5\" data-background=\"url(http:\/\/solsticio.es\/wp-content\/uploads\/2016\/05\/P60426-192333-4.jpg)\"  ><\/div>\t\t<\/li>\n\t\t<\/ul>\t\t\t\t<ol class=\"sow-slider-pagination\">\n\t\t\t\t\t\t\t\t\t\t\t<li><a href=\"#\" data-goto=\"0\" aria-label=\"Display slide 1\"><\/a><\/li>\n\t\t\t\t\t\t\t\t\t\t\t<li><a href=\"#\" data-goto=\"1\" aria-label=\"Display slide 2\"><\/a><\/li>\n\t\t\t\t\t\t\t\t\t\t\t<li><a href=\"#\" data-goto=\"2\" aria-label=\"Display slide 3\"><\/a><\/li>\n\t\t\t\t\t\t\t\t\t\t\t<li><a href=\"#\" data-goto=\"3\" aria-label=\"Display slide 4\"><\/a><\/li>\n\t\t\t\t\t\t\t\t\t<\/ol>\n\n\t\t\t\t<div class=\"sow-slide-nav sow-slide-nav-next\">\n\t\t\t\t\t<a href=\"#\" data-goto=\"next\" aria-label=\"Next slide\" data-action=\"next\">\n\t\t\t\t\t\t<em class=\"sow-sld-icon-thin-right\"><\/em>\n\t\t\t\t\t<\/a>\n\t\t\t\t<\/div>\n\n\t\t\t\t<div class=\"sow-slide-nav sow-slide-nav-prev\">\n\t\t\t\t\t<a href=\"#\" data-goto=\"previous\" aria-label=\"Previous slide\" data-action=\"prev\">\n\t\t\t\t\t\t<em class=\"sow-sld-icon-thin-left\"><\/em>\n\t\t\t\t\t<\/a>\n\t\t\t\t<\/div>\n\t\t\t\t<\/div><\/div><\/div><\/div><\/div><\/div><\/div><div id=\"pg-2-1\"  class=\"panel-grid panel-has-style\" ><div class=\"siteorigin-panels-stretch panel-row-style panel-row-style-for-2-1\" data-stretch-type=\"full-stretched\" ><div id=\"pgc-2-1-0\"  class=\"panel-grid-cell\" ><div id=\"panel-2-1-0-0\" class=\"so-panel widget widget_sow-headline panel-first-child panel-last-child\" data-index=\"1\" ><div class=\"panel-widget-style panel-widget-style-for-2-1-0-0\" ><div\n\t\t\t\n\t\t\tclass=\"so-widget-sow-headline so-widget-sow-headline-default-9df065787d91-2\"\n\t\t\t\n\t\t><div class=\"sow-headline-container \">\n\t\t\t\t\t\t\t<h1 class=\"sow-headline\">\n\t\t\t\t\t\tBienvenido a\t\t\t\t\t\t<\/h1>\n\t\t\t\t\t\t\t\t\t\t\t\t<h3 class=\"sow-sub-headline\">\n\t\t\t\t\t\t Solsticio Energ\u00edas Renovables\t\t\t\t\t\t<\/h3>\n\t\t\t\t\t\t<\/div>\n<\/div><\/div><\/div><\/div><\/div><\/div><div id=\"pg-2-2\"  class=\"panel-grid panel-has-style\" ><div class=\"siteorigin-panels-stretch panel-row-style panel-row-style-for-2-2\" data-stretch-type=\"full-stretched\" ><div id=\"pgc-2-2-0\"  class=\"panel-grid-cell\" ><div id=\"panel-2-2-0-0\" class=\"so-panel widget widget_sow-features panel-first-child panel-last-child\" data-index=\"2\" ><div class=\"panel-widget-style panel-widget-style-for-2-2-0-0\" ><div\n\t\t\t\n\t\t\tclass=\"so-widget-sow-features so-widget-sow-features-default-f332442224a6-2\"\n\t\t\t\n\t\t><ul\n\tclass=\"sow-features-list\n\tsow-features-responsive\">\n\n\t\t\t<li\n\t\t\tclass=\"sow-features-feature sow-icon-container-position-top\"\n\t\t\tstyle=\"display: flex; flex-direction: column; width: calc(100% - 25px);\"\n\t\t>\n\t\t\t\n\t\t\t\t\t\t<div\t\t\t\tclass=\"sow-icon-container sow-container-sticker\"\n\t\t\t\tstyle=\"color: #fa9958; \"\n\t\t\t\t\n\t\t\t\t\t\t\t>\n\t\t\t\t<span class=\"sow-icon-elegantline\" data-sow-icon=\"&#xe040;\"\n\t\tstyle=\"font-size: 48px; color: #000000\" \n\t\taria-hidden=\"true\"><\/span>\t\t\t<\/div>\n\n\t\t\t<div class=\"textwidget\">\n\t\t\t\t\n\t\t\t\t\t\t\t\t\t<h5 class=\"sow-features-feature-title\">\n\t\t\t\t\t\tNosotros\t\t\t\t\t<\/h5>\n\t\t\t\t\n\t\t\t\t\t\t\t\t\t<div class=\"sow-features-feature-text\">\n\t\t\t\t\t<p>Solsticio es una empresa especializada en la reparaci\u00f3n y mantenimiento de inversores solares fotovoltaicos de todas las marcas, aunque estamos especializados en Solarmax. Trabajamos tanto para propietarios de instalaciones solares como para empresas mantenedoras.<\/p>\t\t\t\t\t<\/div>\n\t\t\t\t\t\t\t\t<\/div>\n\t\t\t\t\t\t\t\t<\/li>\n\n\t\t\t<li\n\t\t\tclass=\"sow-features-feature sow-icon-container-position-top\"\n\t\t\tstyle=\"display: flex; flex-direction: column; width: calc(100% - 25px);\"\n\t\t>\n\t\t\t\n\t\t\t\t\t\t<div\t\t\t\tclass=\"sow-icon-container sow-container-sticker\"\n\t\t\t\tstyle=\"color: #fa9958; \"\n\t\t\t\t\n\t\t\t\t\t\t\t>\n\t\t\t\t<span class=\"sow-icon-elegantline\" data-sow-icon=\"&#xe025;\"\n\t\tstyle=\"font-size: 48px; color: #000000\" \n\t\taria-hidden=\"true\"><\/span>\t\t\t<\/div>\n\n\t\t\t<div class=\"textwidget\">\n\t\t\t\t\n\t\t\t\t\t\t\t\t\t<h5 class=\"sow-features-feature-title\">\n\t\t\t\t\t\tNos desplazamos\t\t\t\t\t<\/h5>\n\t\t\t\t\n\t\t\t\t\t\t\t\t\t<div class=\"sow-features-feature-text\">\n\t\t\t\t\t<p>Para los inversores centrales nos desplazamos a cualquier lugar de Espa\u00f1a para prestar nuestros servicios y para el resto de inversores los recogemos por agencia de transportes.<\/p>\t\t\t\t\t<\/div>\n\t\t\t\t\t\t\t\t<\/div>\n\t\t\t\t\t\t\t\t<\/li>\n\n\t<\/ul>\n<\/div><\/div><\/div><\/div><div id=\"pgc-2-2-1\"  class=\"panel-grid-cell\" ><div id=\"panel-2-2-1-0\" class=\"so-panel widget widget_sow-image panel-first-child panel-last-child\" data-index=\"3\" ><div\n\t\t\t\n\t\t\tclass=\"so-widget-sow-image so-widget-sow-image-default-8b5b6f678277-2\"\n\t\t\t\n\t\t>\n<div class=\"sow-image-container\">\n\t\t<img \n\tsrc=\"http:\/\/solsticio.es\/wp-content\/uploads\/2016\/05\/reparacion-placas-electronicas.jpg\" width=\"460\" height=\"277\" srcset=\"http:\/\/solsticio.es\/wp-content\/uploads\/2016\/05\/reparacion-placas-electronicas.jpg 460w, http:\/\/solsticio.es\/wp-content\/uploads\/2016\/05\/reparacion-placas-electronicas-300x181.jpg 300w\" sizes=\"(max-width: 460px) 100vw, 460px\" alt=\"\" \t\tclass=\"so-widget-image\"\/>\n\t<\/div>\n\n<\/div><\/div><\/div><div id=\"pgc-2-2-2\"  class=\"panel-grid-cell\" ><div id=\"panel-2-2-2-0\" class=\"so-panel widget widget_sow-features panel-first-child panel-last-child\" data-index=\"4\" ><div class=\"panel-widget-style panel-widget-style-for-2-2-2-0\" ><div\n\t\t\t\n\t\t\tclass=\"so-widget-sow-features so-widget-sow-features-default-f332442224a6-2\"\n\t\t\t\n\t\t><ul\n\tclass=\"sow-features-list\n\tsow-features-responsive\">\n\n\t\t\t<li\n\t\t\tclass=\"sow-features-feature sow-icon-container-position-top\"\n\t\t\tstyle=\"display: flex; flex-direction: column; width: calc(100% - 25px);\"\n\t\t>\n\t\t\t\n\t\t\t\t\t\t<div\t\t\t\tclass=\"sow-icon-container sow-container-sticker\"\n\t\t\t\tstyle=\"color: #fa9958; \"\n\t\t\t\t\n\t\t\t\t\t\t\t>\n\t\t\t\t<span class=\"sow-icon-elegantline\" data-sow-icon=\"&#xe034;\"\n\t\tstyle=\"font-size: 48px; color: #000000\" \n\t\taria-hidden=\"true\"><\/span>\t\t\t<\/div>\n\n\t\t\t<div class=\"textwidget\">\n\t\t\t\t\n\t\t\t\t\t\t\t\t\t<h5 class=\"sow-features-feature-title\">\n\t\t\t\t\t\tReparaci\u00f3n y mantenimiento de inversores.\t\t\t\t\t<\/h5>\n\t\t\t\t\n\t\t\t\t\t\t\t\t\t<div class=\"sow-features-feature-text\">\n\t\t\t\t\t<p>Estamos especializados en la reparaci\u00f3n y mantenimiento de inversores solares fotovoltaicos de marcas como Solarmax, Sma, Sunways y otras.<\/p><p>Teniendo encueta que el inversor es el elemento m\u00e1s susceptible de ruptura en una instalaci\u00f3n fotovoltaica, es importante tener un buen mantenimiento del cual y en caso de ruptura tener un servicio r\u00e1pido y eficaz de reparaci\u00f3n para que nuestra planta no sufra graves perdida de producci\u00f3n<\/p>\t\t\t\t\t<\/div>\n\t\t\t\t\t\t\t\t<\/div>\n\t\t\t\t\t\t\t\t<\/li>\n\n\t\t\t<li\n\t\t\tclass=\"sow-features-feature sow-icon-container-position-top\"\n\t\t\tstyle=\"display: flex; flex-direction: column; width: calc(100% - 25px);\"\n\t\t>\n\t\t\t\n\t\t\t\t\t\t<div\t\t\t\tclass=\"sow-icon-container sow-container-sticker\"\n\t\t\t\tstyle=\"color: #fa9958; \"\n\t\t\t\t\n\t\t\t\t\t\t\t>\n\t\t\t\t<span class=\"sow-icon-elegantline\" data-sow-icon=\"&#xe002;\"\n\t\tstyle=\"font-size: 48px; color: #000000\" \n\t\taria-hidden=\"true\"><\/span>\t\t\t<\/div>\n\n\t\t\t<div class=\"textwidget\">\n\t\t\t\t\n\t\t\t\t\t\t\t\t\t<h5 class=\"sow-features-feature-title\">\n\t\t\t\t\t\tMonitorizaci\u00f3n\t\t\t\t\t<\/h5>\n\t\t\t\t\n\t\t\t\t\t\t\t\t\t<div class=\"sow-features-feature-text\">\n\t\t\t\t\t<p>Solsticio dispone de un sistema de monitorizaci\u00f3n propio mediante el cual podemos monitorizar su planta solar de una forma econ\u00f3mica y eficiente para que su plata solar pueda ser lo m\u00e1s rentable posible.<\/p>\t\t\t\t\t<\/div>\n\t\t\t\t\t\t\t\t<\/div>\n\t\t\t\t\t\t\t\t<\/li>\n\n\t<\/ul>\n<\/div><\/div><\/div><\/div><\/div><\/div><div id=\"pg-2-3\"  class=\"panel-grid panel-has-style\" ><div class=\"so-parallax siteorigin-panels-stretch panel-row-style panel-row-style-for-2-3\" data-stretch-type=\"full-stretched\" ><img fetchpriority=\"high\" decoding=\"async\" width=\"1024\" height=\"683\" src=\"http:\/\/solsticio.es\/wp-content\/uploads\/2016\/05\/photovoltaic-491702_1920-1024x683.jpg\" class=\"attachment-full size-full\" alt=\"\" data-siteorigin-parallax=\"true\" loading=\"eager\" srcset=\"http:\/\/solsticio.es\/wp-content\/uploads\/2016\/05\/photovoltaic-491702_1920-1024x683.jpg 1024w, http:\/\/solsticio.es\/wp-content\/uploads\/2016\/05\/photovoltaic-491702_1920-1024x683-300x200.jpg 300w, http:\/\/solsticio.es\/wp-content\/uploads\/2016\/05\/photovoltaic-491702_1920-1024x683-768x512.jpg 768w, http:\/\/solsticio.es\/wp-content\/uploads\/2016\/05\/photovoltaic-491702_1920-1024x683-624x416.jpg 624w, http:\/\/solsticio.es\/wp-content\/uploads\/2016\/05\/photovoltaic-491702_1920-1024x683-272x182.jpg 272w\" sizes=\"(max-width: 1024px) 100vw, 1024px\" \/><div id=\"pgc-2-3-0\"  class=\"panel-grid-cell\" ><div id=\"panel-2-3-0-0\" class=\"so-panel widget widget_sow-headline panel-first-child panel-last-child\" data-index=\"5\" ><div class=\"panel-widget-style panel-widget-style-for-2-3-0-0\" ><div\n\t\t\t\n\t\t\tclass=\"so-widget-sow-headline so-widget-sow-headline-default-7be514933a07-2\"\n\t\t\t\n\t\t><div class=\"sow-headline-container \">\n\t\t\t\t\t\t\t<h3 class=\"sow-headline\">\n\t\t\t\t\t\t\"somos especialistas en reparaci\u00f3n y mantenimiento  de inversores Solarmax\"\t\t\t\t\t\t<\/h3>\n\t\t\t\t\t\t<\/div>\n<\/div><\/div><\/div><\/div><\/div><\/div><\/div>","protected":false},"excerpt":{"rendered":"<p>Reparaci\u00f3n\u00a0\u00a0 y\u00a0 mantenimiento Bienvenidos aSolsticio Inversores\u00a0 Aseguramos el buen funcionamiento de su equipo &nbsp; Bienvenido a Solsticio Energ\u00edas Renovables Nosotros Solsticio es una empresa especializada en la reparaci\u00f3n y mantenimiento de inversores solares fotovoltaicos de todas las marcas, aunque estamos especializados en Solarmax. Trabajamos tanto para propietarios de instalaciones solares como para empresas mantenedoras. Nos&hellip;<\/p>\n<p class=\"more-link\"><a href=\"http:\/\/solsticio.es\/\" class=\"themebutton\">Read More<\/a><\/p>\n","protected":false},"author":1,"featured_media":0,"parent":0,"menu_order":0,"comment_status":"closed","ping_status":"open","template":"","meta":{"footnotes":""},"yoast_head":"<!-- This site is optimized with the Yoast SEO plugin v23.5 - https:\/\/yoast.com\/wordpress\/plugins\/seo\/ -->\n<title>Inicio - Solsticio Energ&iacute;as Renovables<\/title>\n<meta name=\"robots\" content=\"index, follow, max-snippet:-1, max-image-preview:large, max-video-preview:-1\" \/>\n<link rel=\"canonical\" href=\"http:\/\/solsticio.es\/\" \/>\n<meta property=\"og:locale\" content=\"es_ES\" \/>\n<meta property=\"og:type\" content=\"article\" \/>\n<meta property=\"og:title\" content=\"Inicio - Solsticio Energ&iacute;as Renovables\" \/>\n<meta property=\"og:description\" content=\"Reparaci\u00f3n\u00a0\u00a0 y\u00a0 mantenimiento Bienvenidos aSolsticio Inversores\u00a0 Aseguramos el buen funcionamiento de su equipo &nbsp; Bienvenido a Solsticio Energ\u00edas Renovables Nosotros Solsticio es una empresa especializada en la reparaci\u00f3n y mantenimiento de inversores solares fotovoltaicos de todas las marcas, aunque estamos especializados en Solarmax. Trabajamos tanto para propietarios de instalaciones solares como para empresas mantenedoras. Nos&hellip;Read More\" \/>\n<meta property=\"og:url\" content=\"http:\/\/solsticio.es\/\" \/>\n<meta property=\"og:site_name\" content=\"Solsticio Energ&iacute;as Renovables\" \/>\n<meta property=\"article:modified_time\" content=\"2018-03-08T11:24:57+00:00\" \/>\n<meta name=\"twitter:card\" content=\"summary_large_image\" \/>\n<script type=\"application\/ld+json\" class=\"yoast-schema-graph\">{\"@context\":\"https:\/\/schema.org\",\"@graph\":[{\"@type\":\"WebPage\",\"@id\":\"http:\/\/solsticio.es\/\",\"url\":\"http:\/\/solsticio.es\/\",\"name\":\"Inicio - Solsticio Energ&iacute;as Renovables\",\"isPartOf\":{\"@id\":\"http:\/\/solsticio.es\/#website\"},\"datePublished\":\"2016-05-12T08:31:50+00:00\",\"dateModified\":\"2018-03-08T11:24:57+00:00\",\"breadcrumb\":{\"@id\":\"http:\/\/solsticio.es\/#breadcrumb\"},\"inLanguage\":\"es\",\"potentialAction\":[{\"@type\":\"ReadAction\",\"target\":[\"http:\/\/solsticio.es\/\"]}]},{\"@type\":\"BreadcrumbList\",\"@id\":\"http:\/\/solsticio.es\/#breadcrumb\",\"itemListElement\":[{\"@type\":\"ListItem\",\"position\":1,\"name\":\"Portada\",\"item\":\"http:\/\/solsticio.es\/\"},{\"@type\":\"ListItem\",\"position\":2,\"name\":\"Inicio\"}]},{\"@type\":\"WebSite\",\"@id\":\"http:\/\/solsticio.es\/#website\",\"url\":\"http:\/\/solsticio.es\/\",\"name\":\"Solsticio Energ&iacute;as Renovables\",\"description\":\"\",\"publisher\":{\"@id\":\"http:\/\/solsticio.es\/#organization\"},\"potentialAction\":[{\"@type\":\"SearchAction\",\"target\":{\"@type\":\"EntryPoint\",\"urlTemplate\":\"http:\/\/solsticio.es\/?s={search_term_string}\"},\"query-input\":{\"@type\":\"PropertyValueSpecification\",\"valueRequired\":true,\"valueName\":\"search_term_string\"}}],\"inLanguage\":\"es\"},{\"@type\":\"Organization\",\"@id\":\"http:\/\/solsticio.es\/#organization\",\"name\":\"Solsticio Energ\u00edas Renovables\",\"url\":\"http:\/\/solsticio.es\/\",\"logo\":{\"@type\":\"ImageObject\",\"inLanguage\":\"es\",\"@id\":\"http:\/\/solsticio.es\/#\/schema\/logo\/image\/\",\"url\":\"http:\/\/solsticio.es\/wp-content\/uploads\/2016\/12\/cropped-LOGO-SOLSTICIO.png\",\"contentUrl\":\"http:\/\/solsticio.es\/wp-content\/uploads\/2016\/12\/cropped-LOGO-SOLSTICIO.png\",\"width\":160,\"height\":45,\"caption\":\"Solsticio Energ\u00edas Renovables\"},\"image\":{\"@id\":\"http:\/\/solsticio.es\/#\/schema\/logo\/image\/\"}}]}<\/script>\n<!-- \/ Yoast SEO plugin. -->","yoast_head_json":{"title":"Inicio - Solsticio Energ&iacute;as Renovables","robots":{"index":"index","follow":"follow","max-snippet":"max-snippet:-1","max-image-preview":"max-image-preview:large","max-video-preview":"max-video-preview:-1"},"canonical":"http:\/\/solsticio.es\/","og_locale":"es_ES","og_type":"article","og_title":"Inicio - Solsticio Energ&iacute;as Renovables","og_description":"Reparaci\u00f3n\u00a0\u00a0 y\u00a0 mantenimiento Bienvenidos aSolsticio Inversores\u00a0 Aseguramos el buen funcionamiento de su equipo &nbsp; Bienvenido a Solsticio Energ\u00edas Renovables Nosotros Solsticio es una empresa especializada en la reparaci\u00f3n y mantenimiento de inversores solares fotovoltaicos de todas las marcas, aunque estamos especializados en Solarmax. Trabajamos tanto para propietarios de instalaciones solares como para empresas mantenedoras. Nos&hellip;Read More","og_url":"http:\/\/solsticio.es\/","og_site_name":"Solsticio Energ&iacute;as Renovables","article_modified_time":"2018-03-08T11:24:57+00:00","twitter_card":"summary_large_image","schema":{"@context":"https:\/\/schema.org","@graph":[{"@type":"WebPage","@id":"http:\/\/solsticio.es\/","url":"http:\/\/solsticio.es\/","name":"Inicio - Solsticio Energ&iacute;as Renovables","isPartOf":{"@id":"http:\/\/solsticio.es\/#website"},"datePublished":"2016-05-12T08:31:50+00:00","dateModified":"2018-03-08T11:24:57+00:00","breadcrumb":{"@id":"http:\/\/solsticio.es\/#breadcrumb"},"inLanguage":"es","potentialAction":[{"@type":"ReadAction","target":["http:\/\/solsticio.es\/"]}]},{"@type":"BreadcrumbList","@id":"http:\/\/solsticio.es\/#breadcrumb","itemListElement":[{"@type":"ListItem","position":1,"name":"Portada","item":"http:\/\/solsticio.es\/"},{"@type":"ListItem","position":2,"name":"Inicio"}]},{"@type":"WebSite","@id":"http:\/\/solsticio.es\/#website","url":"http:\/\/solsticio.es\/","name":"Solsticio Energ&iacute;as Renovables","description":"","publisher":{"@id":"http:\/\/solsticio.es\/#organization"},"potentialAction":[{"@type":"SearchAction","target":{"@type":"EntryPoint","urlTemplate":"http:\/\/solsticio.es\/?s={search_term_string}"},"query-input":{"@type":"PropertyValueSpecification","valueRequired":true,"valueName":"search_term_string"}}],"inLanguage":"es"},{"@type":"Organization","@id":"http:\/\/solsticio.es\/#organization","name":"Solsticio Energ\u00edas Renovables","url":"http:\/\/solsticio.es\/","logo":{"@type":"ImageObject","inLanguage":"es","@id":"http:\/\/solsticio.es\/#\/schema\/logo\/image\/","url":"http:\/\/solsticio.es\/wp-content\/uploads\/2016\/12\/cropped-LOGO-SOLSTICIO.png","contentUrl":"http:\/\/solsticio.es\/wp-content\/uploads\/2016\/12\/cropped-LOGO-SOLSTICIO.png","width":160,"height":45,"caption":"Solsticio Energ\u00edas Renovables"},"image":{"@id":"http:\/\/solsticio.es\/#\/schema\/logo\/image\/"}}]}},"_links":{"self":[{"href":"http:\/\/solsticio.es\/index.php\/wp-json\/wp\/v2\/pages\/2"}],"collection":[{"href":"http:\/\/solsticio.es\/index.php\/wp-json\/wp\/v2\/pages"}],"about":[{"href":"http:\/\/solsticio.es\/index.php\/wp-json\/wp\/v2\/types\/page"}],"author":[{"embeddable":true,"href":"http:\/\/solsticio.es\/index.php\/wp-json\/wp\/v2\/users\/1"}],"replies":[{"embeddable":true,"href":"http:\/\/solsticio.es\/index.php\/wp-json\/wp\/v2\/comments?post=2"}],"version-history":[{"count":38,"href":"http:\/\/solsticio.es\/index.php\/wp-json\/wp\/v2\/pages\/2\/revisions"}],"predecessor-version":[{"id":601,"href":"http:\/\/solsticio.es\/index.php\/wp-json\/wp\/v2\/pages\/2\/revisions\/601"}],"wp:attachment":[{"href":"http:\/\/solsticio.es\/index.php\/wp-json\/wp\/v2\/media?parent=2"}],"curies":[{"name":"wp","href":"https:\/\/api.w.org\/{rel}","templated":true}]}}