{"id":406,"date":"2016-06-22T15:30:30","date_gmt":"2016-06-22T15:30:30","guid":{"rendered":"http:\/\/solsticio.es\/?page_id=406"},"modified":"2016-06-22T15:38:34","modified_gmt":"2016-06-22T15:38:34","slug":"solsticio-energias-renovables3","status":"publish","type":"page","link":"http:\/\/solsticio.es\/index.php\/solsticio-energias-renovables3\/","title":{"rendered":"Solsticio Energ\u00edas Renovables3"},"content":{"rendered":"<p style=\"text-align: center;\"><div class=\"ctsc-column ctsc-col3\">\n<p style=\"text-align: center;\"><span><i class=\"fa fa-user\" style=\"font-size:62px;color:#333\"><\/i><\/span>\n<h3 style=\"text-align: center;\"><strong>Nosotros<\/strong><\/h3>\n<p style=\"text-align: center;\">Nosotros Solsticio es una empresa especializada en la reparaci\u00f3n y mantenimiento de inversores solares fotovoltaicos de la marca Solarmax, tanto para propietarios de huertos solares como para empresas mantenedoras, ya sea en cubiertas solares o huertos solares. Adem\u00e1s, si desea montar una nueva instalaci\u00f3n fotovoltaica, realizamos el proyecto y tramitamos todas las ayudas disponibles Nos desplazamos<\/p>\n<p style=\"text-align: center;\"><span><i class=\"fa fa-truck\" style=\"font-size:62px;color:#333\"><\/i><\/span>\n<h3 style=\"text-align: center;\"><strong>Nos desplazamos<\/strong><\/h3>\n<p style=\"text-align: center;\">Aunque la mayor\u00eda de nuestros clientes se concentran en el sureste de Espa\u00f1a, nos desplazamos a cualquier lugar de Espa\u00f1a para prestar nuestros servicios.<\/p>\n<\/div><div class=\"ctsc-column ctsc-col3\">\n<p><img loading=\"lazy\" decoding=\"async\" class=\"aligncenter size-full wp-image-334\" src=\"http:\/\/solsticio.es\/wp-content\/uploads\/2016\/06\/bombillas.jpg\" alt=\"bombillas\" width=\"370\" height=\"600\" srcset=\"http:\/\/solsticio.es\/wp-content\/uploads\/2016\/06\/bombillas.jpg 370w, http:\/\/solsticio.es\/wp-content\/uploads\/2016\/06\/bombillas-185x300.jpg 185w\" sizes=\"(max-width: 370px) 100vw, 370px\" \/><\/p>\n<\/div><div class=\"ctsc-column ctsc-col3 ctsc-col-last\">\n<p style=\"text-align: center;\"><span><i class=\"fa fa-cogs\" style=\"font-size:62px;color:#333\"><\/i><\/span>\n<h3 style=\"text-align: center;\">Mantenimiento Y Reparaci\u00f3n<\/h3>\n<p style=\"text-align: center;\">Realizamos tareas de reparaci\u00f3n y mantenimiento de inversores solares fotovoltaicos de Solarmax, siendo expertos en este tipo de tecnolog\u00eda. Adem\u00e1s, analizamos de forma gratuita su instalaci\u00f3n solar para evaluar si necesita mantenimiento o reparaci\u00f3n.<\/p>\n<p style=\"text-align: center;\"><span><i class=\"fa fa-lightbulb-o\" style=\"font-size:62px;color:#333\"><\/i><\/span>\n<h3 style=\"text-align: center;\">Nuestro Objetivo<\/h3>\n<p style=\"text-align: center;\">En Solsticio nos hemos propuesto llevar la energ\u00eda solar a todos los rincones de Espa\u00f1a realizando instalaciones all\u00ed donde nuestros clientes lo necesiten. Adem\u00e1s, sabemos de la importancia para nuestros clientes de mantener las instalaciones fotovoltaicas en \u00f3ptimas condiciones, con el objetivo de asegurar el buen funcionamiento de sus equipos durante la vida \u00fatil de su instalaci\u00f3n y reducir as\u00ed el tiempo de amortizaci\u00f3n de las instalaciones.<\/p>\n<\/div><div class=\"col-divide\"><\/div>","protected":false},"excerpt":{"rendered":"","protected":false},"author":1,"featured_media":0,"parent":0,"menu_order":0,"comment_status":"closed","ping_status":"open","template":"","meta":{"footnotes":""},"yoast_head":"<!-- This site is optimized with the Yoast SEO plugin v23.5 - https:\/\/yoast.com\/wordpress\/plugins\/seo\/ -->\n<title>Solsticio Energ\u00edas Renovables3 - Solsticio Energ&iacute;as Renovables<\/title>\n<meta name=\"robots\" content=\"index, follow, max-snippet:-1, max-image-preview:large, max-video-preview:-1\" \/>\n<link rel=\"canonical\" href=\"http:\/\/solsticio.es\/index.php\/solsticio-energias-renovables3\/\" \/>\n<meta property=\"og:locale\" content=\"es_ES\" \/>\n<meta property=\"og:type\" content=\"article\" \/>\n<meta property=\"og:title\" content=\"Solsticio Energ\u00edas Renovables3 - Solsticio Energ&iacute;as Renovables\" \/>\n<meta property=\"og:url\" content=\"http:\/\/solsticio.es\/index.php\/solsticio-energias-renovables3\/\" \/>\n<meta property=\"og:site_name\" content=\"Solsticio Energ&iacute;as Renovables\" \/>\n<meta property=\"article:modified_time\" content=\"2016-06-22T15:38:34+00:00\" \/>\n<meta property=\"og:image\" content=\"http:\/\/solsticio.es\/wp-content\/uploads\/2016\/06\/bombillas.jpg\" \/>\n<meta name=\"twitter:card\" content=\"summary_large_image\" \/>\n<meta name=\"twitter:label1\" content=\"Tiempo de lectura\" \/>\n\t<meta name=\"twitter:data1\" content=\"3 minutos\" \/>\n<script type=\"application\/ld+json\" class=\"yoast-schema-graph\">{\"@context\":\"https:\/\/schema.org\",\"@graph\":[{\"@type\":\"WebPage\",\"@id\":\"http:\/\/solsticio.es\/index.php\/solsticio-energias-renovables3\/\",\"url\":\"http:\/\/solsticio.es\/index.php\/solsticio-energias-renovables3\/\",\"name\":\"Solsticio Energ\u00edas Renovables3 - Solsticio Energ&iacute;as Renovables\",\"isPartOf\":{\"@id\":\"http:\/\/solsticio.es\/#website\"},\"primaryImageOfPage\":{\"@id\":\"http:\/\/solsticio.es\/index.php\/solsticio-energias-renovables3\/#primaryimage\"},\"image\":{\"@id\":\"http:\/\/solsticio.es\/index.php\/solsticio-energias-renovables3\/#primaryimage\"},\"thumbnailUrl\":\"http:\/\/solsticio.es\/wp-content\/uploads\/2016\/06\/bombillas.jpg\",\"datePublished\":\"2016-06-22T15:30:30+00:00\",\"dateModified\":\"2016-06-22T15:38:34+00:00\",\"breadcrumb\":{\"@id\":\"http:\/\/solsticio.es\/index.php\/solsticio-energias-renovables3\/#breadcrumb\"},\"inLanguage\":\"es\",\"potentialAction\":[{\"@type\":\"ReadAction\",\"target\":[\"http:\/\/solsticio.es\/index.php\/solsticio-energias-renovables3\/\"]}]},{\"@type\":\"ImageObject\",\"inLanguage\":\"es\",\"@id\":\"http:\/\/solsticio.es\/index.php\/solsticio-energias-renovables3\/#primaryimage\",\"url\":\"http:\/\/solsticio.es\/wp-content\/uploads\/2016\/06\/bombillas.jpg\",\"contentUrl\":\"http:\/\/solsticio.es\/wp-content\/uploads\/2016\/06\/bombillas.jpg\",\"width\":370,\"height\":600,\"caption\":\"bombillas\"},{\"@type\":\"BreadcrumbList\",\"@id\":\"http:\/\/solsticio.es\/index.php\/solsticio-energias-renovables3\/#breadcrumb\",\"itemListElement\":[{\"@type\":\"ListItem\",\"position\":1,\"name\":\"Portada\",\"item\":\"http:\/\/solsticio.es\/\"},{\"@type\":\"ListItem\",\"position\":2,\"name\":\"Solsticio Energ\u00edas Renovables3\"}]},{\"@type\":\"WebSite\",\"@id\":\"http:\/\/solsticio.es\/#website\",\"url\":\"http:\/\/solsticio.es\/\",\"name\":\"Solsticio Energ&iacute;as Renovables\",\"description\":\"\",\"publisher\":{\"@id\":\"http:\/\/solsticio.es\/#organization\"},\"potentialAction\":[{\"@type\":\"SearchAction\",\"target\":{\"@type\":\"EntryPoint\",\"urlTemplate\":\"http:\/\/solsticio.es\/?s={search_term_string}\"},\"query-input\":{\"@type\":\"PropertyValueSpecification\",\"valueRequired\":true,\"valueName\":\"search_term_string\"}}],\"inLanguage\":\"es\"},{\"@type\":\"Organization\",\"@id\":\"http:\/\/solsticio.es\/#organization\",\"name\":\"Solsticio Energ\u00edas Renovables\",\"url\":\"http:\/\/solsticio.es\/\",\"logo\":{\"@type\":\"ImageObject\",\"inLanguage\":\"es\",\"@id\":\"http:\/\/solsticio.es\/#\/schema\/logo\/image\/\",\"url\":\"http:\/\/solsticio.es\/wp-content\/uploads\/2016\/12\/cropped-LOGO-SOLSTICIO.png\",\"contentUrl\":\"http:\/\/solsticio.es\/wp-content\/uploads\/2016\/12\/cropped-LOGO-SOLSTICIO.png\",\"width\":160,\"height\":45,\"caption\":\"Solsticio Energ\u00edas Renovables\"},\"image\":{\"@id\":\"http:\/\/solsticio.es\/#\/schema\/logo\/image\/\"}}]}<\/script>\n<!-- \/ Yoast SEO plugin. -->","yoast_head_json":{"title":"Solsticio Energ\u00edas Renovables3 - Solsticio Energ&iacute;as Renovables","robots":{"index":"index","follow":"follow","max-snippet":"max-snippet:-1","max-image-preview":"max-image-preview:large","max-video-preview":"max-video-preview:-1"},"canonical":"http:\/\/solsticio.es\/index.php\/solsticio-energias-renovables3\/","og_locale":"es_ES","og_type":"article","og_title":"Solsticio Energ\u00edas Renovables3 - Solsticio Energ&iacute;as Renovables","og_url":"http:\/\/solsticio.es\/index.php\/solsticio-energias-renovables3\/","og_site_name":"Solsticio Energ&iacute;as Renovables","article_modified_time":"2016-06-22T15:38:34+00:00","og_image":[{"url":"http:\/\/solsticio.es\/wp-content\/uploads\/2016\/06\/bombillas.jpg"}],"twitter_card":"summary_large_image","twitter_misc":{"Tiempo de lectura":"3 minutos"},"schema":{"@context":"https:\/\/schema.org","@graph":[{"@type":"WebPage","@id":"http:\/\/solsticio.es\/index.php\/solsticio-energias-renovables3\/","url":"http:\/\/solsticio.es\/index.php\/solsticio-energias-renovables3\/","name":"Solsticio Energ\u00edas Renovables3 - Solsticio Energ&iacute;as Renovables","isPartOf":{"@id":"http:\/\/solsticio.es\/#website"},"primaryImageOfPage":{"@id":"http:\/\/solsticio.es\/index.php\/solsticio-energias-renovables3\/#primaryimage"},"image":{"@id":"http:\/\/solsticio.es\/index.php\/solsticio-energias-renovables3\/#primaryimage"},"thumbnailUrl":"http:\/\/solsticio.es\/wp-content\/uploads\/2016\/06\/bombillas.jpg","datePublished":"2016-06-22T15:30:30+00:00","dateModified":"2016-06-22T15:38:34+00:00","breadcrumb":{"@id":"http:\/\/solsticio.es\/index.php\/solsticio-energias-renovables3\/#breadcrumb"},"inLanguage":"es","potentialAction":[{"@type":"ReadAction","target":["http:\/\/solsticio.es\/index.php\/solsticio-energias-renovables3\/"]}]},{"@type":"ImageObject","inLanguage":"es","@id":"http:\/\/solsticio.es\/index.php\/solsticio-energias-renovables3\/#primaryimage","url":"http:\/\/solsticio.es\/wp-content\/uploads\/2016\/06\/bombillas.jpg","contentUrl":"http:\/\/solsticio.es\/wp-content\/uploads\/2016\/06\/bombillas.jpg","width":370,"height":600,"caption":"bombillas"},{"@type":"BreadcrumbList","@id":"http:\/\/solsticio.es\/index.php\/solsticio-energias-renovables3\/#breadcrumb","itemListElement":[{"@type":"ListItem","position":1,"name":"Portada","item":"http:\/\/solsticio.es\/"},{"@type":"ListItem","position":2,"name":"Solsticio Energ\u00edas Renovables3"}]},{"@type":"WebSite","@id":"http:\/\/solsticio.es\/#website","url":"http:\/\/solsticio.es\/","name":"Solsticio Energ&iacute;as Renovables","description":"","publisher":{"@id":"http:\/\/solsticio.es\/#organization"},"potentialAction":[{"@type":"SearchAction","target":{"@type":"EntryPoint","urlTemplate":"http:\/\/solsticio.es\/?s={search_term_string}"},"query-input":{"@type":"PropertyValueSpecification","valueRequired":true,"valueName":"search_term_string"}}],"inLanguage":"es"},{"@type":"Organization","@id":"http:\/\/solsticio.es\/#organization","name":"Solsticio Energ\u00edas Renovables","url":"http:\/\/solsticio.es\/","logo":{"@type":"ImageObject","inLanguage":"es","@id":"http:\/\/solsticio.es\/#\/schema\/logo\/image\/","url":"http:\/\/solsticio.es\/wp-content\/uploads\/2016\/12\/cropped-LOGO-SOLSTICIO.png","contentUrl":"http:\/\/solsticio.es\/wp-content\/uploads\/2016\/12\/cropped-LOGO-SOLSTICIO.png","width":160,"height":45,"caption":"Solsticio Energ\u00edas Renovables"},"image":{"@id":"http:\/\/solsticio.es\/#\/schema\/logo\/image\/"}}]}},"_links":{"self":[{"href":"http:\/\/solsticio.es\/index.php\/wp-json\/wp\/v2\/pages\/406"}],"collection":[{"href":"http:\/\/solsticio.es\/index.php\/wp-json\/wp\/v2\/pages"}],"about":[{"href":"http:\/\/solsticio.es\/index.php\/wp-json\/wp\/v2\/types\/page"}],"author":[{"embeddable":true,"href":"http:\/\/solsticio.es\/index.php\/wp-json\/wp\/v2\/users\/1"}],"replies":[{"embeddable":true,"href":"http:\/\/solsticio.es\/index.php\/wp-json\/wp\/v2\/comments?post=406"}],"version-history":[{"count":4,"href":"http:\/\/solsticio.es\/index.php\/wp-json\/wp\/v2\/pages\/406\/revisions"}],"predecessor-version":[{"id":413,"href":"http:\/\/solsticio.es\/index.php\/wp-json\/wp\/v2\/pages\/406\/revisions\/413"}],"wp:attachment":[{"href":"http:\/\/solsticio.es\/index.php\/wp-json\/wp\/v2\/media?parent=406"}],"curies":[{"name":"wp","href":"https:\/\/api.w.org\/{rel}","templated":true}]}}