{"id":608,"date":"2018-03-08T11:46:40","date_gmt":"2018-03-08T11:46:40","guid":{"rendered":"http:\/\/solsticio.es\/?page_id=608"},"modified":"2018-03-08T11:48:51","modified_gmt":"2018-03-08T11:48:51","slug":"monitorizacion","status":"publish","type":"page","link":"http:\/\/solsticio.es\/index.php\/monitorizacion\/","title":{"rendered":"MONITORIZACION"},"content":{"rendered":"Solsticio dispone de un sistema de monitorizaci\u00f3n propio mediante el cual podemos monitorizar su planta solar de una forma econ\u00f3mica y eficiente para que su plata solar pueda ser lo m\u00e1s rentable posible.<\/p>\n<p><strong>\u00a0<\/strong><\/p>\n<p>&nbsp;<\/p>\n<p><img loading=\"lazy\" decoding=\"async\" class=\"aligncenter wp-image-616\" src=\"http:\/\/solsticio.es\/wp-content\/uploads\/2018\/03\/MONITO.png\" alt=\"\" width=\"862\" height=\"541\" srcset=\"http:\/\/solsticio.es\/wp-content\/uploads\/2018\/03\/MONITO.png 696w, http:\/\/solsticio.es\/wp-content\/uploads\/2018\/03\/MONITO-300x188.png 300w\" sizes=\"(max-width: 862px) 100vw, 862px\" \/><\/p>\n<p>&nbsp;<\/p>\n<p><strong>\u00a0<\/strong><\/p>\n<p><strong>P\u00eddanos presupuesto sin ning\u00fan tipo de compromiso.<\/strong>","protected":false},"excerpt":{"rendered":"<p>Solsticio dispone de un sistema de monitorizaci\u00f3n propio mediante el cual podemos monitorizar su planta solar de una forma econ\u00f3mica y eficiente para que su plata solar pueda ser lo m\u00e1s rentable posible. \u00a0 &nbsp; &nbsp; \u00a0 P\u00eddanos presupuesto sin ning\u00fan tipo de compromiso.<\/p>\n","protected":false},"author":1,"featured_media":0,"parent":0,"menu_order":0,"comment_status":"closed","ping_status":"closed","template":"","meta":{"footnotes":""},"yoast_head":"<!-- This site is optimized with the Yoast SEO plugin v23.5 - https:\/\/yoast.com\/wordpress\/plugins\/seo\/ -->\n<title>MONITORIZACION - Solsticio Energ&iacute;as Renovables<\/title>\n<meta name=\"robots\" content=\"index, follow, max-snippet:-1, max-image-preview:large, max-video-preview:-1\" \/>\n<link rel=\"canonical\" href=\"http:\/\/solsticio.es\/index.php\/monitorizacion\/\" \/>\n<meta property=\"og:locale\" content=\"es_ES\" \/>\n<meta property=\"og:type\" content=\"article\" \/>\n<meta property=\"og:title\" content=\"MONITORIZACION - Solsticio Energ&iacute;as Renovables\" \/>\n<meta property=\"og:description\" content=\"Solsticio dispone de un sistema de monitorizaci\u00f3n propio mediante el cual podemos monitorizar su planta solar de una forma econ\u00f3mica y eficiente para que su plata solar pueda ser lo m\u00e1s rentable posible. \u00a0 &nbsp; &nbsp; \u00a0 P\u00eddanos presupuesto sin ning\u00fan tipo de compromiso.\" \/>\n<meta property=\"og:url\" content=\"http:\/\/solsticio.es\/index.php\/monitorizacion\/\" \/>\n<meta property=\"og:site_name\" content=\"Solsticio Energ&iacute;as Renovables\" \/>\n<meta property=\"article:modified_time\" content=\"2018-03-08T11:48:51+00:00\" \/>\n<meta property=\"og:image\" content=\"http:\/\/solsticio.es\/wp-content\/uploads\/2018\/03\/MONITO.png\" \/>\n<meta name=\"twitter:card\" content=\"summary_large_image\" \/>\n<meta name=\"twitter:label1\" content=\"Tiempo de lectura\" \/>\n\t<meta name=\"twitter:data1\" content=\"1 minuto\" \/>\n<script type=\"application\/ld+json\" class=\"yoast-schema-graph\">{\"@context\":\"https:\/\/schema.org\",\"@graph\":[{\"@type\":\"WebPage\",\"@id\":\"http:\/\/solsticio.es\/index.php\/monitorizacion\/\",\"url\":\"http:\/\/solsticio.es\/index.php\/monitorizacion\/\",\"name\":\"MONITORIZACION - Solsticio Energ&iacute;as Renovables\",\"isPartOf\":{\"@id\":\"http:\/\/solsticio.es\/#website\"},\"primaryImageOfPage\":{\"@id\":\"http:\/\/solsticio.es\/index.php\/monitorizacion\/#primaryimage\"},\"image\":{\"@id\":\"http:\/\/solsticio.es\/index.php\/monitorizacion\/#primaryimage\"},\"thumbnailUrl\":\"http:\/\/solsticio.es\/wp-content\/uploads\/2018\/03\/MONITO.png\",\"datePublished\":\"2018-03-08T11:46:40+00:00\",\"dateModified\":\"2018-03-08T11:48:51+00:00\",\"breadcrumb\":{\"@id\":\"http:\/\/solsticio.es\/index.php\/monitorizacion\/#breadcrumb\"},\"inLanguage\":\"es\",\"potentialAction\":[{\"@type\":\"ReadAction\",\"target\":[\"http:\/\/solsticio.es\/index.php\/monitorizacion\/\"]}]},{\"@type\":\"ImageObject\",\"inLanguage\":\"es\",\"@id\":\"http:\/\/solsticio.es\/index.php\/monitorizacion\/#primaryimage\",\"url\":\"http:\/\/solsticio.es\/wp-content\/uploads\/2018\/03\/MONITO.png\",\"contentUrl\":\"http:\/\/solsticio.es\/wp-content\/uploads\/2018\/03\/MONITO.png\",\"width\":696,\"height\":437},{\"@type\":\"BreadcrumbList\",\"@id\":\"http:\/\/solsticio.es\/index.php\/monitorizacion\/#breadcrumb\",\"itemListElement\":[{\"@type\":\"ListItem\",\"position\":1,\"name\":\"Portada\",\"item\":\"http:\/\/solsticio.es\/\"},{\"@type\":\"ListItem\",\"position\":2,\"name\":\"MONITORIZACION\"}]},{\"@type\":\"WebSite\",\"@id\":\"http:\/\/solsticio.es\/#website\",\"url\":\"http:\/\/solsticio.es\/\",\"name\":\"Solsticio Energ&iacute;as Renovables\",\"description\":\"\",\"publisher\":{\"@id\":\"http:\/\/solsticio.es\/#organization\"},\"potentialAction\":[{\"@type\":\"SearchAction\",\"target\":{\"@type\":\"EntryPoint\",\"urlTemplate\":\"http:\/\/solsticio.es\/?s={search_term_string}\"},\"query-input\":{\"@type\":\"PropertyValueSpecification\",\"valueRequired\":true,\"valueName\":\"search_term_string\"}}],\"inLanguage\":\"es\"},{\"@type\":\"Organization\",\"@id\":\"http:\/\/solsticio.es\/#organization\",\"name\":\"Solsticio Energ\u00edas Renovables\",\"url\":\"http:\/\/solsticio.es\/\",\"logo\":{\"@type\":\"ImageObject\",\"inLanguage\":\"es\",\"@id\":\"http:\/\/solsticio.es\/#\/schema\/logo\/image\/\",\"url\":\"http:\/\/solsticio.es\/wp-content\/uploads\/2016\/12\/cropped-LOGO-SOLSTICIO.png\",\"contentUrl\":\"http:\/\/solsticio.es\/wp-content\/uploads\/2016\/12\/cropped-LOGO-SOLSTICIO.png\",\"width\":160,\"height\":45,\"caption\":\"Solsticio Energ\u00edas Renovables\"},\"image\":{\"@id\":\"http:\/\/solsticio.es\/#\/schema\/logo\/image\/\"}}]}<\/script>\n<!-- \/ Yoast SEO plugin. -->","yoast_head_json":{"title":"MONITORIZACION - Solsticio Energ&iacute;as Renovables","robots":{"index":"index","follow":"follow","max-snippet":"max-snippet:-1","max-image-preview":"max-image-preview:large","max-video-preview":"max-video-preview:-1"},"canonical":"http:\/\/solsticio.es\/index.php\/monitorizacion\/","og_locale":"es_ES","og_type":"article","og_title":"MONITORIZACION - Solsticio Energ&iacute;as Renovables","og_description":"Solsticio dispone de un sistema de monitorizaci\u00f3n propio mediante el cual podemos monitorizar su planta solar de una forma econ\u00f3mica y eficiente para que su plata solar pueda ser lo m\u00e1s rentable posible. \u00a0 &nbsp; &nbsp; \u00a0 P\u00eddanos presupuesto sin ning\u00fan tipo de compromiso.","og_url":"http:\/\/solsticio.es\/index.php\/monitorizacion\/","og_site_name":"Solsticio Energ&iacute;as Renovables","article_modified_time":"2018-03-08T11:48:51+00:00","og_image":[{"url":"http:\/\/solsticio.es\/wp-content\/uploads\/2018\/03\/MONITO.png"}],"twitter_card":"summary_large_image","twitter_misc":{"Tiempo de lectura":"1 minuto"},"schema":{"@context":"https:\/\/schema.org","@graph":[{"@type":"WebPage","@id":"http:\/\/solsticio.es\/index.php\/monitorizacion\/","url":"http:\/\/solsticio.es\/index.php\/monitorizacion\/","name":"MONITORIZACION - Solsticio Energ&iacute;as Renovables","isPartOf":{"@id":"http:\/\/solsticio.es\/#website"},"primaryImageOfPage":{"@id":"http:\/\/solsticio.es\/index.php\/monitorizacion\/#primaryimage"},"image":{"@id":"http:\/\/solsticio.es\/index.php\/monitorizacion\/#primaryimage"},"thumbnailUrl":"http:\/\/solsticio.es\/wp-content\/uploads\/2018\/03\/MONITO.png","datePublished":"2018-03-08T11:46:40+00:00","dateModified":"2018-03-08T11:48:51+00:00","breadcrumb":{"@id":"http:\/\/solsticio.es\/index.php\/monitorizacion\/#breadcrumb"},"inLanguage":"es","potentialAction":[{"@type":"ReadAction","target":["http:\/\/solsticio.es\/index.php\/monitorizacion\/"]}]},{"@type":"ImageObject","inLanguage":"es","@id":"http:\/\/solsticio.es\/index.php\/monitorizacion\/#primaryimage","url":"http:\/\/solsticio.es\/wp-content\/uploads\/2018\/03\/MONITO.png","contentUrl":"http:\/\/solsticio.es\/wp-content\/uploads\/2018\/03\/MONITO.png","width":696,"height":437},{"@type":"BreadcrumbList","@id":"http:\/\/solsticio.es\/index.php\/monitorizacion\/#breadcrumb","itemListElement":[{"@type":"ListItem","position":1,"name":"Portada","item":"http:\/\/solsticio.es\/"},{"@type":"ListItem","position":2,"name":"MONITORIZACION"}]},{"@type":"WebSite","@id":"http:\/\/solsticio.es\/#website","url":"http:\/\/solsticio.es\/","name":"Solsticio Energ&iacute;as Renovables","description":"","publisher":{"@id":"http:\/\/solsticio.es\/#organization"},"potentialAction":[{"@type":"SearchAction","target":{"@type":"EntryPoint","urlTemplate":"http:\/\/solsticio.es\/?s={search_term_string}"},"query-input":{"@type":"PropertyValueSpecification","valueRequired":true,"valueName":"search_term_string"}}],"inLanguage":"es"},{"@type":"Organization","@id":"http:\/\/solsticio.es\/#organization","name":"Solsticio Energ\u00edas Renovables","url":"http:\/\/solsticio.es\/","logo":{"@type":"ImageObject","inLanguage":"es","@id":"http:\/\/solsticio.es\/#\/schema\/logo\/image\/","url":"http:\/\/solsticio.es\/wp-content\/uploads\/2016\/12\/cropped-LOGO-SOLSTICIO.png","contentUrl":"http:\/\/solsticio.es\/wp-content\/uploads\/2016\/12\/cropped-LOGO-SOLSTICIO.png","width":160,"height":45,"caption":"Solsticio Energ\u00edas Renovables"},"image":{"@id":"http:\/\/solsticio.es\/#\/schema\/logo\/image\/"}}]}},"_links":{"self":[{"href":"http:\/\/solsticio.es\/index.php\/wp-json\/wp\/v2\/pages\/608"}],"collection":[{"href":"http:\/\/solsticio.es\/index.php\/wp-json\/wp\/v2\/pages"}],"about":[{"href":"http:\/\/solsticio.es\/index.php\/wp-json\/wp\/v2\/types\/page"}],"author":[{"embeddable":true,"href":"http:\/\/solsticio.es\/index.php\/wp-json\/wp\/v2\/users\/1"}],"replies":[{"embeddable":true,"href":"http:\/\/solsticio.es\/index.php\/wp-json\/wp\/v2\/comments?post=608"}],"version-history":[{"count":2,"href":"http:\/\/solsticio.es\/index.php\/wp-json\/wp\/v2\/pages\/608\/revisions"}],"predecessor-version":[{"id":618,"href":"http:\/\/solsticio.es\/index.php\/wp-json\/wp\/v2\/pages\/608\/revisions\/618"}],"wp:attachment":[{"href":"http:\/\/solsticio.es\/index.php\/wp-json\/wp\/v2\/media?parent=608"}],"curies":[{"name":"wp","href":"https:\/\/api.w.org\/{rel}","templated":true}]}}